{"id":1018,"date":"2022-06-11T10:42:43","date_gmt":"2022-06-11T10:42:43","guid":{"rendered":"https:\/\/demo.themedraft.net\/wp\/doctio\/?page_id=1018"},"modified":"2025-12-13T14:22:02","modified_gmt":"2025-12-13T14:22:02","slug":"faq","status":"publish","type":"page","link":"https:\/\/dledfarma.com\/en\/faq\/","title":{"rendered":"FAQ"},"content":{"rendered":"\t\t<div data-elementor-type=\"wp-page\" data-elementor-id=\"1018\" class=\"elementor elementor-1018\">\n\t\t\t\t\t\t<section class=\"elementor-section elementor-top-section elementor-element elementor-element-306e113 elementor-section-stretched elementor-section-boxed elementor-section-height-default elementor-section-height-default\" data-id=\"306e113\" data-element_type=\"section\" data-settings=\"{&quot;stretch_section&quot;:&quot;section-stretched&quot;}\">\n\t\t\t\t\t\t<div class=\"elementor-container elementor-column-gap-default\">\n\t\t\t\t\t<div class=\"elementor-column elementor-col-50 elementor-top-column elementor-element elementor-element-4c7180a7\" data-id=\"4c7180a7\" data-element_type=\"column\">\n\t\t\t<div class=\"elementor-widget-wrap elementor-element-populated\">\n\t\t\t\t\t\t<div class=\"elementor-element elementor-element-61887144 elementor-widget elementor-widget-themedraft_section_title\" data-id=\"61887144\" data-element_type=\"widget\" data-widget_type=\"themedraft_section_title.default\">\n\t\t\t\t<div class=\"elementor-widget-container\">\n\t\t\t\t\t\n\t\t<div class=\"td-section-title-wrapper\">\n            <div class=\"td-section-title-content td-secondary-font\">\n                \n                                    <div class=\"td-section-subtitle td-primary-color\">\n                        Neden DLED                    <\/div>\n                \n                                    <div class=\"td-section-title\">\n                        <h2>Bizi Neden Tercih Etmelisiniz?<\/h2>                    <\/div>\n                                        <div class=\"title-bottom-line\" style=\"background-image: url(https:\/\/demo.themedraft.net\/wp\/doctio\/wp-content\/uploads\/2022\/06\/line-1.png)\"><\/div>\n                                                <\/div>\n\t\t<\/div>\n\t\t\t\t\t\t<\/div>\n\t\t\t\t<\/div>\n\t\t\t\t<div class=\"elementor-element elementor-element-70f595bd elementor-widget elementor-widget-themeDraft_accordion\" data-id=\"70f595bd\" data-element_type=\"widget\" data-widget_type=\"themeDraft_accordion.default\">\n\t\t\t\t<div class=\"elementor-widget-container\">\n\t\t\t\t\t        <div class=\"td-accordion-wrapper td-accordion-wrapper-36488\">\n            <div class=\"accordion\" id=\"td-accordion-36488\">\n\n\t\t\t\t                        <div class=\"accordion-item\">\n                            <h2 class=\"accordion-header\">\n                                <button class=\"accordion-button \" type=\"button\" data-bs-toggle=\"collapse\" data-bs-target=\"#collapse-136488\" aria-expanded=\"true\" aria-controls=\"collapse-136488\">\n\t\t\t\t\t\t\t\t\t01. Bilimsel Olarak Kan\u0131tlanm\u0131\u015f Teknoloji                                <\/button>\n                            <\/h2>\n\n                            <div id=\"collapse-136488\" class=\"accordion-collapse collapse show\" data-bs-parent=\"#td-accordion-36488\">\n                                <div class=\"accordion-body\">\n\t\t\t\t\t\t\t\t\t<p>\u00dcr\u00fcnlerimiz, mikrobiyal y\u00fck\u00fc etkili \u015fekilde azaltan, laboratuvar testleriyle do\u011frulanm\u0131\u015f ileri \u0131\u015f\u0131k teknolojisi ile \u00fcretilir.<\/p>                                <\/div>\n                            <\/div>\n                        <\/div>\n\t\t\t\t\t\t                        <div class=\"accordion-item\">\n                            <h2 class=\"accordion-header\">\n                                <button class=\"accordion-button collapsed\" type=\"button\" data-bs-toggle=\"collapse\" data-bs-target=\"#collapse-236488\" aria-expanded=\"false\" aria-controls=\"collapse-236488\">\n\t\t\t\t\t\t\t\t\t02. Y\u00fcksek G\u00fcvenlik Standartlar\u0131                                <\/button>\n                            <\/h2>\n\n                            <div id=\"collapse-236488\" class=\"accordion-collapse collapse \" data-bs-parent=\"#td-accordion-36488\">\n                                <div class=\"accordion-body\">\n\t\t\t\t\t\t\t\t\t<p>\u0130nsan sa\u011fl\u0131\u011f\u0131na zarar vermeyen, g\u00fcvenlik sertifikalar\u0131 ile onaylanm\u0131\u015f sistemlerimiz, kullan\u0131c\u0131 dostu ve g\u00fcvenilirdir.<\/p>                                <\/div>\n                            <\/div>\n                        <\/div>\n\t\t\t\t\t\t                        <div class=\"accordion-item\">\n                            <h2 class=\"accordion-header\">\n                                <button class=\"accordion-button collapsed\" type=\"button\" data-bs-toggle=\"collapse\" data-bs-target=\"#collapse-336488\" aria-expanded=\"false\" aria-controls=\"collapse-336488\">\n\t\t\t\t\t\t\t\t\t03. Enerji Verimlili\u011fi ve Ekonomik \u00c7\u00f6z\u00fcm                                <\/button>\n                            <\/h2>\n\n                            <div id=\"collapse-336488\" class=\"accordion-collapse collapse \" data-bs-parent=\"#td-accordion-36488\">\n                                <div class=\"accordion-body\">\n\t\t\t\t\t\t\t\t\t<p>D\u00fc\u015f\u00fck enerji t\u00fcketimli teknolojimiz, hem \u00e7evre dostu hem de i\u015fletme maliyetlerini azalt\u0131c\u0131 \u00e7\u00f6z\u00fcmler sunar.<\/p>                                <\/div>\n                            <\/div>\n                        <\/div>\n\t\t\t\t\t\t                        <div class=\"accordion-item\">\n                            <h2 class=\"accordion-header\">\n                                <button class=\"accordion-button collapsed\" type=\"button\" data-bs-toggle=\"collapse\" data-bs-target=\"#collapse-436488\" aria-expanded=\"false\" aria-controls=\"collapse-436488\">\n\t\t\t\t\t\t\t\t\t04. Uzman Teknik Destek ve Garanti\n                                <\/button>\n                            <\/h2>\n\n                            <div id=\"collapse-436488\" class=\"accordion-collapse collapse \" data-bs-parent=\"#td-accordion-36488\">\n                                <div class=\"accordion-body\">\n\t\t\t\t\t\t\t\t\t<p>Sat\u0131\u015f sonras\u0131 teknik destek ekibimiz ve 2 y\u0131l garanti g\u00fcvencemizle, her zaman yan\u0131n\u0131zday\u0131z.<\/p>                                <\/div>\n                            <\/div>\n                        <\/div>\n\t\t\t\t\t\t            <\/div>\n        <\/div>\n\t\t\t\t\t\t<\/div>\n\t\t\t\t<\/div>\n\t\t\t\t\t<\/div>\n\t\t<\/div>\n\t\t\t\t<div class=\"elementor-column elementor-col-50 elementor-top-column elementor-element elementor-element-f4ef68e\" data-id=\"f4ef68e\" data-element_type=\"column\">\n\t\t\t<div class=\"elementor-widget-wrap elementor-element-populated\">\n\t\t\t\t\t\t<div class=\"elementor-element elementor-element-1b7526b6 elementor-widget elementor-widget-themedraft_image_with_caption\" data-id=\"1b7526b6\" data-element_type=\"widget\" data-widget_type=\"themedraft_image_with_caption.default\">\n\t\t\t\t<div class=\"elementor-widget-container\">\n\t\t\t\t\t\n\t\t<div class=\"td-img-caption-wrapper td-secondary-font\">\n            <div class=\"td-caption-images\">\n                <div class=\"td-caption-img-one td-cover-bg\" style=\"background-image: url(https:\/\/dledfarma.com\/wp-content\/uploads\/2025\/07\/hakkimizda_3.webp)\"><\/div>\n                <div class=\"td-caption-img-two td-cover-bg\" style=\"background-image: url(https:\/\/dledfarma.com\/wp-content\/uploads\/2025\/07\/DELED-DETAY.webp)\"><\/div>\n\n                <div class=\"td-img-caption\">\n                    <span>10<\/span> Y\u0131ll\u0131k Sekt\u00f6rel Deneyim                <\/div>\n            <\/div>\n\t\t<\/div>\n\n\t\t\t\t\t\t<\/div>\n\t\t\t\t<\/div>\n\t\t\t\t\t<\/div>\n\t\t<\/div>\n\t\t\t\t\t<\/div>\n\t\t<\/section>\n\t\t\t\t<section class=\"elementor-section elementor-top-section elementor-element elementor-element-68794fdd elementor-section-stretched elementor-section-boxed elementor-section-height-default elementor-section-height-default\" data-id=\"68794fdd\" data-element_type=\"section\" data-settings=\"{&quot;stretch_section&quot;:&quot;section-stretched&quot;}\">\n\t\t\t\t\t\t<div class=\"elementor-container elementor-column-gap-default\">\n\t\t\t\t\t<div class=\"elementor-column elementor-col-100 elementor-top-column elementor-element elementor-element-730d95f8\" data-id=\"730d95f8\" data-element_type=\"column\">\n\t\t\t<div class=\"elementor-widget-wrap elementor-element-populated\">\n\t\t\t\t\t\t<div class=\"elementor-element elementor-element-5620ae4 elementor-widget elementor-widget-themedraft_section_title\" data-id=\"5620ae4\" data-element_type=\"widget\" data-widget_type=\"themedraft_section_title.default\">\n\t\t\t\t<div class=\"elementor-widget-container\">\n\t\t\t\t\t\n\t\t<div class=\"td-section-title-wrapper\">\n            <div class=\"td-section-title-content td-secondary-font\">\n                                    <div class=\"td-section-title-bg-text\">\n                        SSS                    <\/div>\n                \n                                    <div class=\"td-section-subtitle td-primary-color\">\n                        S\u0131k\u00e7a sorulan Sorular                    <\/div>\n                \n                                    <div class=\"td-section-title\">\n                        <h2>G\u00fcn I\u015f\u0131\u011f\u0131 Ortam Dezenfekt\u00f6r\u00fc (DLED) Hakk\u0131nda Merak Ettikleriniz<\/h2>                    <\/div>\n                                        <div class=\"title-bottom-line\" style=\"background-image: url(https:\/\/demo.themedraft.net\/wp\/doctio\/wp-content\/uploads\/2022\/06\/line-1.png)\"><\/div>\n                                                <\/div>\n\t\t<\/div>\n\t\t\t\t\t\t<\/div>\n\t\t\t\t<\/div>\n\t\t\t\t\t<\/div>\n\t\t<\/div>\n\t\t\t\t\t<\/div>\n\t\t<\/section>\n\t\t\t\t<section class=\"elementor-section elementor-top-section elementor-element elementor-element-4de76471 elementor-section-stretched elementor-section-boxed elementor-section-height-default elementor-section-height-default\" data-id=\"4de76471\" data-element_type=\"section\" data-settings=\"{&quot;stretch_section&quot;:&quot;section-stretched&quot;}\">\n\t\t\t\t\t\t<div class=\"elementor-container elementor-column-gap-default\">\n\t\t\t\t\t<div class=\"elementor-column elementor-col-100 elementor-top-column elementor-element elementor-element-1731544b\" data-id=\"1731544b\" data-element_type=\"column\">\n\t\t\t<div class=\"elementor-widget-wrap elementor-element-populated\">\n\t\t\t\t\t\t<div class=\"elementor-element elementor-element-299808ea elementor-widget elementor-widget-themeDraft_accordion\" data-id=\"299808ea\" data-element_type=\"widget\" data-widget_type=\"themeDraft_accordion.default\">\n\t\t\t\t<div class=\"elementor-widget-container\">\n\t\t\t\t\t        <div class=\"td-accordion-wrapper td-accordion-wrapper-56649\">\n            <div class=\"accordion\" id=\"td-accordion-56649\">\n\n\t\t\t\t                        <div class=\"accordion-item\">\n                            <h2 class=\"accordion-header\">\n                                <button class=\"accordion-button \" type=\"button\" data-bs-toggle=\"collapse\" data-bs-target=\"#collapse-156649\" aria-expanded=\"true\" aria-controls=\"collapse-156649\">\n\t\t\t\t\t\t\t\t\t01. G\u00fcn I\u015f\u0131\u011f\u0131 Ortam Dezenfekt\u00f6r\u00fc hangi alanlarda kullan\u0131labilir?                                <\/button>\n                            <\/h2>\n\n                            <div id=\"collapse-156649\" class=\"accordion-collapse collapse show\" data-bs-parent=\"#td-accordion-56649\">\n                                <div class=\"accordion-body\">\n\t\t\t\t\t\t\t\t\t<p>G\u00fcn I\u015f\u0131\u011f\u0131 Ortam Dezenfekt\u00f6r\u00fc; hastaneler, klinikler, ofisler, e\u011fitim kurumlar\u0131, g\u0131da \u00fcretim tesisleri ve toplu ya\u015fam alanlar\u0131nda etkin bir \u015fekilde kullan\u0131labilir.<\/p>                                <\/div>\n                            <\/div>\n                        <\/div>\n\t\t\t\t\t\t                        <div class=\"accordion-item\">\n                            <h2 class=\"accordion-header\">\n                                <button class=\"accordion-button collapsed\" type=\"button\" data-bs-toggle=\"collapse\" data-bs-target=\"#collapse-256649\" aria-expanded=\"false\" aria-controls=\"collapse-256649\">\n\t\t\t\t\t\t\t\t\t02. \u00dcr\u00fcn mikroplar\u0131 nas\u0131l yok eder?                                <\/button>\n                            <\/h2>\n\n                            <div id=\"collapse-256649\" class=\"accordion-collapse collapse \" data-bs-parent=\"#td-accordion-56649\">\n                                <div class=\"accordion-body\">\n\t\t\t\t\t\t\t\t\t<p>\u00d6zel geli\u015ftirilmi\u015f \u0131\u015f\u0131k teknolojisi, mikroorganizmalar\u0131n DNA\/RNA yap\u0131s\u0131n\u0131 bozarak \u00e7o\u011falmalar\u0131n\u0131 engeller ve ortamda mikrobiyal y\u00fck\u00fc azalt\u0131r.<\/p>                                <\/div>\n                            <\/div>\n                        <\/div>\n\t\t\t\t\t\t                        <div class=\"accordion-item\">\n                            <h2 class=\"accordion-header\">\n                                <button class=\"accordion-button collapsed\" type=\"button\" data-bs-toggle=\"collapse\" data-bs-target=\"#collapse-356649\" aria-expanded=\"false\" aria-controls=\"collapse-356649\">\n\t\t\t\t\t\t\t\t\t03. G\u00fcn I\u015f\u0131\u011f\u0131 Ortam Dezenfekt\u00f6r\u00fc (DLED) insan sa\u011fl\u0131\u011f\u0131na zararl\u0131 m\u0131?                                <\/button>\n                            <\/h2>\n\n                            <div id=\"collapse-356649\" class=\"accordion-collapse collapse \" data-bs-parent=\"#td-accordion-56649\">\n                                <div class=\"accordion-body\">\n\t\t\t\t\t\t\t\t\t<p>Hay\u0131r, cihaz\u0131n yayd\u0131\u011f\u0131 dalga boyu insan sa\u011fl\u0131\u011f\u0131na zarar vermeyecek \u015fekilde tasarlanm\u0131\u015ft\u0131r ve g\u00fcvenlik testlerinden ge\u00e7irilmi\u015ftir.<\/p>                                <\/div>\n                            <\/div>\n                        <\/div>\n\t\t\t\t\t\t                        <div class=\"accordion-item\">\n                            <h2 class=\"accordion-header\">\n                                <button class=\"accordion-button collapsed\" type=\"button\" data-bs-toggle=\"collapse\" data-bs-target=\"#collapse-456649\" aria-expanded=\"false\" aria-controls=\"collapse-456649\">\n\t\t\t\t\t\t\t\t\t04. Sistemin bak\u0131m\u0131 zor mu?                                <\/button>\n                            <\/h2>\n\n                            <div id=\"collapse-456649\" class=\"accordion-collapse collapse \" data-bs-parent=\"#td-accordion-56649\">\n                                <div class=\"accordion-body\">\n\t\t\t\t\t\t\t\t\t<p>Cihaz, minimum bak\u0131m gerektirecek \u015fekilde \u00fcretilmi\u015ftir. Periyodik temizlik ve y\u0131ll\u0131k kontrol yeterlidir.<\/p>                                <\/div>\n                            <\/div>\n                        <\/div>\n\t\t\t\t\t\t                        <div class=\"accordion-item\">\n                            <h2 class=\"accordion-header\">\n                                <button class=\"accordion-button collapsed\" type=\"button\" data-bs-toggle=\"collapse\" data-bs-target=\"#collapse-556649\" aria-expanded=\"false\" aria-controls=\"collapse-556649\">\n\t\t\t\t\t\t\t\t\t05. \u00dcr\u00fcn enerji t\u00fcketimi a\u00e7\u0131s\u0131ndan verimli mi?                                <\/button>\n                            <\/h2>\n\n                            <div id=\"collapse-556649\" class=\"accordion-collapse collapse \" data-bs-parent=\"#td-accordion-56649\">\n                                <div class=\"accordion-body\">\n\t\t\t\t\t\t\t\t\t<p>Evet, d\u00fc\u015f\u00fck enerji t\u00fcketimli LED teknolojisi sayesinde uzun s\u00fcreli kullan\u0131mda bile ekonomik bir \u00e7\u00f6z\u00fcmd\u00fcr.<\/p>                                <\/div>\n                            <\/div>\n                        <\/div>\n\t\t\t\t\t\t                        <div class=\"accordion-item\">\n                            <h2 class=\"accordion-header\">\n                                <button class=\"accordion-button collapsed\" type=\"button\" data-bs-toggle=\"collapse\" data-bs-target=\"#collapse-656649\" aria-expanded=\"false\" aria-controls=\"collapse-656649\">\n\t\t\t\t\t\t\t\t\t06. \u00dcr\u00fcn garanti s\u00fcresi ne kadar?                                <\/button>\n                            <\/h2>\n\n                            <div id=\"collapse-656649\" class=\"accordion-collapse collapse \" data-bs-parent=\"#td-accordion-56649\">\n                                <div class=\"accordion-body\">\n\t\t\t\t\t\t\t\t\t<p>T\u00fcm G\u00fcn I\u015f\u0131\u011f\u0131 Ortam Dezenfekt\u00f6rleri 2 y\u0131l garanti kapsam\u0131ndad\u0131r ve teknik destek ekibimiz her zaman yan\u0131n\u0131zdad\u0131r.<\/p>                                <\/div>\n                            <\/div>\n                        <\/div>\n\t\t\t\t\t\t            <\/div>\n        <\/div>\n\t\t\t\t\t\t<\/div>\n\t\t\t\t<\/div>\n\t\t\t\t\t<\/div>\n\t\t<\/div>\n\t\t\t\t\t<\/div>\n\t\t<\/section>\n\t\t\t\t<\/div>\n\t\t","protected":false},"excerpt":{"rendered":"<p>Neden DLED Bizi Neden Tercih Etmelisiniz? 01. Bilimsel Olarak Kan\u0131tlanm\u0131\u015f Teknoloji \u00dcr\u00fcnlerimiz, mikrobiyal y\u00fck\u00fc etkili \u015fekilde azaltan, laboratuvar testleriyle do\u011frulanm\u0131\u015f ileri \u0131\u015f\u0131k teknolojisi ile \u00fcretilir. 02. Y\u00fcksek G\u00fcvenlik Standartlar\u0131 \u0130nsan sa\u011fl\u0131\u011f\u0131na zarar vermeyen, g\u00fcvenlik sertifikalar\u0131 ile onaylanm\u0131\u015f sistemlerimiz, kullan\u0131c\u0131 dostu ve g\u00fcvenilirdir. 03. Enerji Verimlili\u011fi ve Ekonomik \u00c7\u00f6z\u00fcm D\u00fc\u015f\u00fck enerji t\u00fcketimli teknolojimiz, hem \u00e7evre dostu [&hellip;]<\/p>\n","protected":false},"author":1,"featured_media":0,"parent":0,"menu_order":0,"comment_status":"closed","ping_status":"closed","template":"","meta":{"om_disable_all_campaigns":false,"_monsterinsights_skip_tracking":false,"_monsterinsights_sitenote_active":false,"_monsterinsights_sitenote_note":"","_monsterinsights_sitenote_category":0,"footnotes":""},"class_list":["post-1018","page","type-page","status-publish","hentry"],"_links":{"self":[{"href":"https:\/\/dledfarma.com\/en\/wp-json\/wp\/v2\/pages\/1018","targetHints":{"allow":["GET"]}}],"collection":[{"href":"https:\/\/dledfarma.com\/en\/wp-json\/wp\/v2\/pages"}],"about":[{"href":"https:\/\/dledfarma.com\/en\/wp-json\/wp\/v2\/types\/page"}],"author":[{"embeddable":true,"href":"https:\/\/dledfarma.com\/en\/wp-json\/wp\/v2\/users\/1"}],"replies":[{"embeddable":true,"href":"https:\/\/dledfarma.com\/en\/wp-json\/wp\/v2\/comments?post=1018"}],"version-history":[{"count":5,"href":"https:\/\/dledfarma.com\/en\/wp-json\/wp\/v2\/pages\/1018\/revisions"}],"predecessor-version":[{"id":1502,"href":"https:\/\/dledfarma.com\/en\/wp-json\/wp\/v2\/pages\/1018\/revisions\/1502"}],"wp:attachment":[{"href":"https:\/\/dledfarma.com\/en\/wp-json\/wp\/v2\/media?parent=1018"}],"curies":[{"name":"wp","href":"https:\/\/api.w.org\/{rel}","templated":true}]}}