{"id":1245,"date":"2025-08-10T09:36:49","date_gmt":"2025-08-10T09:36:49","guid":{"rendered":"https:\/\/dledfarma.com\/?page_id=1245"},"modified":"2025-12-13T14:21:51","modified_gmt":"2025-12-13T14:21:51","slug":"certificates","status":"publish","type":"page","link":"https:\/\/dledfarma.com\/en\/certificates\/","title":{"rendered":"Certificates"},"content":{"rendered":"\t\t<div data-elementor-type=\"wp-page\" data-elementor-id=\"1245\" class=\"elementor elementor-1245\">\n\t\t\t\t\t\t<section class=\"elementor-section elementor-top-section elementor-element elementor-element-30b75775 elementor-section-full_width elementor-section-stretched elementor-section-height-default elementor-section-height-default\" data-id=\"30b75775\" data-element_type=\"section\" data-settings=\"{&quot;stretch_section&quot;:&quot;section-stretched&quot;}\">\n\t\t\t\t\t\t<div class=\"elementor-container elementor-column-gap-default\">\n\t\t\t\t\t<div class=\"elementor-column elementor-col-100 elementor-top-column elementor-element elementor-element-2d909e12\" data-id=\"2d909e12\" data-element_type=\"column\">\n\t\t\t<div class=\"elementor-widget-wrap elementor-element-populated\">\n\t\t\t\t\t\t<div class=\"elementor-element elementor-element-50599d5b elementor-widget elementor-widget-themedraft_section_title\" data-id=\"50599d5b\" data-element_type=\"widget\" data-widget_type=\"themedraft_section_title.default\">\n\t\t\t\t<div class=\"elementor-widget-container\">\n\t\t\t\t\t\n\t\t<div class=\"td-section-title-wrapper\">\n            <div class=\"td-section-title-content td-secondary-font\">\n                                    <div class=\"td-section-title-bg-text\">\n                        Sertifikalar\u0131m\u0131z                    <\/div>\n                \n                                    <div class=\"td-section-subtitle td-primary-color\">\n                        Sertifikalar                    <\/div>\n                \n                                    <div class=\"td-section-title\">\n                        <h2>G\u00fcvenilirli\u011fimizi Kan\u0131tlayan Sertifikalar<\/h2>                    <\/div>\n                                        <div class=\"title-bottom-line\" style=\"background-image: url(https:\/\/demo.themedraft.net\/wp\/doctio\/wp-content\/uploads\/2022\/06\/line-1.png)\"><\/div>\n                                                <\/div>\n\t\t<\/div>\n\t\t\t\t\t\t<\/div>\n\t\t\t\t<\/div>\n\t\t\t\t<div class=\"elementor-element elementor-element-748cfed elementor-widget elementor-widget-themedraft_service_box_two\" data-id=\"748cfed\" data-element_type=\"widget\" data-widget_type=\"themedraft_service_box_two.default\">\n\t\t\t\t<div class=\"elementor-widget-container\">\n\t\t\t\t\t\n\t\t<div class=\"service-two-wrapper\">\n\t\t\t<div class=\"row\">\n\t\t\t\t\t\t\t\t\t\t<div class=\"col-xl-3 col-lg-4 col-md-6\">\n\t\t\t\t\t\t\t<div class=\"td-service-two-item\">\n\t\t\t\t\t\t\t\t<a href=\"https:\/\/dledfarma.com\/wp-content\/uploads\/2025\/08\/Aktif-Madde-Icermeyen-Biyosidal-Urunler-Bildirim-Kayit-Belgesi.webp\" class=\"td-service-image-and-icon-wrapper\"  target=\"_blank\">\n\t\t\t\t\t\t\t\t\t<div class=\"td-service-two-image td-cover-bg\" style=\"background-image: url(https:\/\/dledfarma.com\/wp-content\/uploads\/2025\/08\/Aktif-Madde-Icermeyen-Biyosidal-Urunler-Bildirim-Kayit-Belgesi.webp)\">\n                                        <div class=\"td-service-item-two-icon\">\n                                                                                    <\/div>\n                                    <\/div>\n\t\t\t\t\t\t\t\t<\/a>\n\n                                <div class=\"td-service-two-content\">\n                                    <span class=\"td-service-two-subtitle td-secondary-color\"><\/span>\n                                    <h4 class=\"td-service-two-title\">Kay\u0131t Belgesi<\/h4>\n                                    <div class=\"td-service-two-desc td-last-p-0\">\n                                                                            <\/div>\n                                    <div class=\"service-two-details-btn\">\n                                        <a class=\"td-text-button\" href=\"https:\/\/dledfarma.com\/wp-content\/uploads\/2025\/08\/Aktif-Madde-Icermeyen-Biyosidal-Urunler-Bildirim-Kayit-Belgesi.webp\"  target=\"_blank\">Daha Fazla <i class=\"fas fa-angle-double-right\"><\/i><\/a>\n                                    <\/div>\n                                <\/div>\n\n\n\t\t\t\t\t\t\t<\/div>\n\t\t\t\t\t\t<\/div>\n\t\t\t\t\t\t\t\t\t\t<div class=\"col-xl-3 col-lg-4 col-md-6\">\n\t\t\t\t\t\t\t<div class=\"td-service-two-item\">\n\t\t\t\t\t\t\t\t<a href=\"https:\/\/dledfarma.com\/wp-content\/uploads\/2025\/08\/sitotoksid-dekanlik.jpg\" class=\"td-service-image-and-icon-wrapper\"  target=\"_blank\">\n\t\t\t\t\t\t\t\t\t<div class=\"td-service-two-image td-cover-bg\" style=\"background-image: url(https:\/\/dledfarma.com\/wp-content\/uploads\/2025\/08\/sitotoksid-dekanlik.jpg)\">\n                                        <div class=\"td-service-item-two-icon\">\n                                                                                    <\/div>\n                                    <\/div>\n\t\t\t\t\t\t\t\t<\/a>\n\n                                <div class=\"td-service-two-content\">\n                                    <span class=\"td-service-two-subtitle td-secondary-color\"><\/span>\n                                    <h4 class=\"td-service-two-title\">Sitotoksid Dekanl\u0131k<\/h4>\n                                    <div class=\"td-service-two-desc td-last-p-0\">\n                                                                            <\/div>\n                                    <div class=\"service-two-details-btn\">\n                                        <a class=\"td-text-button\" href=\"https:\/\/dledfarma.com\/wp-content\/uploads\/2025\/08\/sitotoksid-dekanlik.jpg\"  target=\"_blank\">Daha Fazla <i class=\"fas fa-angle-double-right\"><\/i><\/a>\n                                    <\/div>\n                                <\/div>\n\n\n\t\t\t\t\t\t\t<\/div>\n\t\t\t\t\t\t<\/div>\n\t\t\t\t\t\t\t\t\t\t<div class=\"col-xl-3 col-lg-4 col-md-6\">\n\t\t\t\t\t\t\t<div class=\"td-service-two-item\">\n\t\t\t\t\t\t\t\t<a href=\"https:\/\/dledfarma.com\/wp-content\/uploads\/2025\/08\/DLED-Mikrobiyolojik-Etkinlik-Sonuc-raporu.pdf\" class=\"td-service-image-and-icon-wrapper\"  target=\"_blank\">\n\t\t\t\t\t\t\t\t\t<div class=\"td-service-two-image td-cover-bg\" style=\"background-image: url(https:\/\/dledfarma.com\/wp-content\/uploads\/2025\/08\/DLED-Mikrobiyolojik-Etkinlik-Sonuc-raporu.jpg)\">\n                                        <div class=\"td-service-item-two-icon\">\n                                                                                    <\/div>\n                                    <\/div>\n\t\t\t\t\t\t\t\t<\/a>\n\n                                <div class=\"td-service-two-content\">\n                                    <span class=\"td-service-two-subtitle td-secondary-color\"><\/span>\n                                    <h4 class=\"td-service-two-title\">Sonu\u00e7 Raporu<\/h4>\n                                    <div class=\"td-service-two-desc td-last-p-0\">\n                                                                            <\/div>\n                                    <div class=\"service-two-details-btn\">\n                                        <a class=\"td-text-button\" href=\"https:\/\/dledfarma.com\/wp-content\/uploads\/2025\/08\/DLED-Mikrobiyolojik-Etkinlik-Sonuc-raporu.pdf\"  target=\"_blank\">Daha Fazla <i class=\"fas fa-angle-double-right\"><\/i><\/a>\n                                    <\/div>\n                                <\/div>\n\n\n\t\t\t\t\t\t\t<\/div>\n\t\t\t\t\t\t<\/div>\n\t\t\t\t\t\t\t\t\t\t<div class=\"col-xl-3 col-lg-4 col-md-6\">\n\t\t\t\t\t\t\t<div class=\"td-service-two-item\">\n\t\t\t\t\t\t\t\t<a href=\"https:\/\/dledfarma.com\/wp-content\/uploads\/2025\/08\/DLED-OZON-RAPORU.pdf\" class=\"td-service-image-and-icon-wrapper\"  target=\"_blank\">\n\t\t\t\t\t\t\t\t\t<div class=\"td-service-two-image td-cover-bg\" style=\"background-image: url(https:\/\/dledfarma.com\/wp-content\/uploads\/2025\/08\/DLED-OZON-RAPORU.jpg)\">\n                                        <div class=\"td-service-item-two-icon\">\n                                                                                    <\/div>\n                                    <\/div>\n\t\t\t\t\t\t\t\t<\/a>\n\n                                <div class=\"td-service-two-content\">\n                                    <span class=\"td-service-two-subtitle td-secondary-color\"><\/span>\n                                    <h4 class=\"td-service-two-title\">Ozon Raporu<\/h4>\n                                    <div class=\"td-service-two-desc td-last-p-0\">\n                                                                            <\/div>\n                                    <div class=\"service-two-details-btn\">\n                                        <a class=\"td-text-button\" href=\"https:\/\/dledfarma.com\/wp-content\/uploads\/2025\/08\/DLED-OZON-RAPORU.pdf\"  target=\"_blank\">Daha Fazla <i class=\"fas fa-angle-double-right\"><\/i><\/a>\n                                    <\/div>\n                                <\/div>\n\n\n\t\t\t\t\t\t\t<\/div>\n\t\t\t\t\t\t<\/div>\n\t\t\t\t\t\t\t\t\t\t<div class=\"col-xl-3 col-lg-4 col-md-6\">\n\t\t\t\t\t\t\t<div class=\"td-service-two-item\">\n\t\t\t\t\t\t\t\t<a href=\"https:\/\/dledfarma.com\/wp-content\/uploads\/2025\/08\/hastane-infeksiyonlari-kongresi.webp\" class=\"td-service-image-and-icon-wrapper\"  target=\"_blank\">\n\t\t\t\t\t\t\t\t\t<div class=\"td-service-two-image td-cover-bg\" style=\"background-image: url(https:\/\/dledfarma.com\/wp-content\/uploads\/2025\/08\/hastane-infeksiyonlari-kongresi.webp)\">\n                                        <div class=\"td-service-item-two-icon\">\n                                                                                    <\/div>\n                                    <\/div>\n\t\t\t\t\t\t\t\t<\/a>\n\n                                <div class=\"td-service-two-content\">\n                                    <span class=\"td-service-two-subtitle td-secondary-color\"><\/span>\n                                    <h4 class=\"td-service-two-title\">Hastane \u0130nfeksiyonlar\u0131 Kongresi<\/h4>\n                                    <div class=\"td-service-two-desc td-last-p-0\">\n                                                                            <\/div>\n                                    <div class=\"service-two-details-btn\">\n                                        <a class=\"td-text-button\" href=\"https:\/\/dledfarma.com\/wp-content\/uploads\/2025\/08\/hastane-infeksiyonlari-kongresi.webp\"  target=\"_blank\">Daha Fazla <i class=\"fas fa-angle-double-right\"><\/i><\/a>\n                                    <\/div>\n                                <\/div>\n\n\n\t\t\t\t\t\t\t<\/div>\n\t\t\t\t\t\t<\/div>\n\t\t\t\t\t\t\t\t\t\t<div class=\"col-xl-3 col-lg-4 col-md-6\">\n\t\t\t\t\t\t\t<div class=\"td-service-two-item\">\n\t\t\t\t\t\t\t\t<a href=\"https:\/\/dledfarma.com\/wp-content\/uploads\/2025\/08\/EC-DECLARATION-OF-CONFORMITY.jpg\" class=\"td-service-image-and-icon-wrapper\" >\n\t\t\t\t\t\t\t\t\t<div class=\"td-service-two-image td-cover-bg\" style=\"background-image: url(https:\/\/dledfarma.com\/wp-content\/uploads\/2025\/08\/EC-DECLARATION-OF-CONFORMITY.jpg)\">\n                                        <div class=\"td-service-item-two-icon\">\n                                                                                    <\/div>\n                                    <\/div>\n\t\t\t\t\t\t\t\t<\/a>\n\n                                <div class=\"td-service-two-content\">\n                                    <span class=\"td-service-two-subtitle td-secondary-color\"><\/span>\n                                    <h4 class=\"td-service-two-title\">EC DECLARATION OF CONFORMITY<\/h4>\n                                    <div class=\"td-service-two-desc td-last-p-0\">\n                                                                            <\/div>\n                                    <div class=\"service-two-details-btn\">\n                                        <a class=\"td-text-button\" href=\"https:\/\/dledfarma.com\/wp-content\/uploads\/2025\/08\/EC-DECLARATION-OF-CONFORMITY.jpg\" >Daha Fazla <i class=\"fas fa-angle-double-right\"><\/i><\/a>\n                                    <\/div>\n                                <\/div>\n\n\n\t\t\t\t\t\t\t<\/div>\n\t\t\t\t\t\t<\/div>\n\t\t\t\t\t\t\t\t\t\t<div class=\"col-xl-3 col-lg-4 col-md-6\">\n\t\t\t\t\t\t\t<div class=\"td-service-two-item\">\n\t\t\t\t\t\t\t\t<a href=\"https:\/\/dledfarma.com\/wp-content\/uploads\/2025\/08\/labbee.pdf\" class=\"td-service-image-and-icon-wrapper\"  target=\"_blank\">\n\t\t\t\t\t\t\t\t\t<div class=\"td-service-two-image td-cover-bg\" style=\"background-image: url(https:\/\/dledfarma.com\/wp-content\/uploads\/2025\/08\/labbee.jpg)\">\n                                        <div class=\"td-service-item-two-icon\">\n                                                                                    <\/div>\n                                    <\/div>\n\t\t\t\t\t\t\t\t<\/a>\n\n                                <div class=\"td-service-two-content\">\n                                    <span class=\"td-service-two-subtitle td-secondary-color\"><\/span>\n                                    <h4 class=\"td-service-two-title\">Labbee Deney Raporu<\/h4>\n                                    <div class=\"td-service-two-desc td-last-p-0\">\n                                                                            <\/div>\n                                    <div class=\"service-two-details-btn\">\n                                        <a class=\"td-text-button\" href=\"https:\/\/dledfarma.com\/wp-content\/uploads\/2025\/08\/labbee.pdf\"  target=\"_blank\">Daha Fazla <i class=\"fas fa-angle-double-right\"><\/i><\/a>\n                                    <\/div>\n                                <\/div>\n\n\n\t\t\t\t\t\t\t<\/div>\n\t\t\t\t\t\t<\/div>\n\t\t\t\t\t\t\t\t\t\t<div class=\"col-xl-3 col-lg-4 col-md-6\">\n\t\t\t\t\t\t\t<div class=\"td-service-two-item\">\n\t\t\t\t\t\t\t\t<a href=\"https:\/\/dledfarma.com\/wp-content\/uploads\/2025\/08\/sitotoksik-analiz-raporu.pdf\" class=\"td-service-image-and-icon-wrapper\" >\n\t\t\t\t\t\t\t\t\t<div class=\"td-service-two-image td-cover-bg\" style=\"background-image: url(https:\/\/dledfarma.com\/wp-content\/uploads\/2025\/08\/Sitotoksik-Analiz-Raporu.jpg)\">\n                                        <div class=\"td-service-item-two-icon\">\n                                                                                    <\/div>\n                                    <\/div>\n\t\t\t\t\t\t\t\t<\/a>\n\n                                <div class=\"td-service-two-content\">\n                                    <span class=\"td-service-two-subtitle td-secondary-color\"><\/span>\n                                    <h4 class=\"td-service-two-title\">Sitotoksik Analiz Raporu<\/h4>\n                                    <div class=\"td-service-two-desc td-last-p-0\">\n                                                                            <\/div>\n                                    <div class=\"service-two-details-btn\">\n                                        <a class=\"td-text-button\" href=\"https:\/\/dledfarma.com\/wp-content\/uploads\/2025\/08\/sitotoksik-analiz-raporu.pdf\" >Daha Fazla <i class=\"fas fa-angle-double-right\"><\/i><\/a>\n                                    <\/div>\n                                <\/div>\n\n\n\t\t\t\t\t\t\t<\/div>\n\t\t\t\t\t\t<\/div>\n\t\t\t\t\t\t\t<\/div>\n\t\t<\/div>\n\n\t\t\t\t\t\t<\/div>\n\t\t\t\t<\/div>\n\t\t\t\t\t<\/div>\n\t\t<\/div>\n\t\t\t\t\t<\/div>\n\t\t<\/section>\n\t\t\t\t<\/div>\n\t\t","protected":false},"excerpt":{"rendered":"<p>Sertifikalar\u0131m\u0131z Sertifikalar G\u00fcvenilirli\u011fimizi Kan\u0131tlayan Sertifikalar Kay\u0131t Belgesi Daha Fazla Sitotoksid Dekanl\u0131k Daha Fazla Sonu\u00e7 Raporu Daha Fazla Ozon Raporu Daha Fazla Hastane \u0130nfeksiyonlar\u0131 Kongresi Daha Fazla EC DECLARATION OF CONFORMITY Daha Fazla Labbee Deney Raporu Daha Fazla Sitotoksik Analiz Raporu Daha Fazla<\/p>\n","protected":false},"author":1,"featured_media":0,"parent":0,"menu_order":0,"comment_status":"closed","ping_status":"closed","template":"","meta":{"om_disable_all_campaigns":false,"_monsterinsights_skip_tracking":false,"_monsterinsights_sitenote_active":false,"_monsterinsights_sitenote_note":"","_monsterinsights_sitenote_category":0,"footnotes":""},"class_list":["post-1245","page","type-page","status-publish","hentry"],"_links":{"self":[{"href":"https:\/\/dledfarma.com\/en\/wp-json\/wp\/v2\/pages\/1245","targetHints":{"allow":["GET"]}}],"collection":[{"href":"https:\/\/dledfarma.com\/en\/wp-json\/wp\/v2\/pages"}],"about":[{"href":"https:\/\/dledfarma.com\/en\/wp-json\/wp\/v2\/types\/page"}],"author":[{"embeddable":true,"href":"https:\/\/dledfarma.com\/en\/wp-json\/wp\/v2\/users\/1"}],"replies":[{"embeddable":true,"href":"https:\/\/dledfarma.com\/en\/wp-json\/wp\/v2\/comments?post=1245"}],"version-history":[{"count":31,"href":"https:\/\/dledfarma.com\/en\/wp-json\/wp\/v2\/pages\/1245\/revisions"}],"predecessor-version":[{"id":1501,"href":"https:\/\/dledfarma.com\/en\/wp-json\/wp\/v2\/pages\/1245\/revisions\/1501"}],"wp:attachment":[{"href":"https:\/\/dledfarma.com\/en\/wp-json\/wp\/v2\/media?parent=1245"}],"curies":[{"name":"wp","href":"https:\/\/api.w.org\/{rel}","templated":true}]}}