{"id":1341,"date":"2025-08-17T13:11:18","date_gmt":"2025-08-17T13:11:18","guid":{"rendered":"https:\/\/dledfarma.com\/?page_id=1341"},"modified":"2025-12-13T14:20:11","modified_gmt":"2025-12-13T14:20:11","slug":"catalog-2","status":"publish","type":"page","link":"https:\/\/dledfarma.com\/en\/catalog-2\/","title":{"rendered":"Catalog-2"},"content":{"rendered":"\t\t<div data-elementor-type=\"wp-page\" data-elementor-id=\"1341\" class=\"elementor elementor-1341\">\n\t\t\t\t\t\t<section class=\"elementor-section elementor-top-section elementor-element elementor-element-30b75775 elementor-section-full_width elementor-section-stretched elementor-section-height-default elementor-section-height-default\" data-id=\"30b75775\" data-element_type=\"section\" data-settings=\"{&quot;stretch_section&quot;:&quot;section-stretched&quot;}\">\n\t\t\t\t\t\t<div class=\"elementor-container elementor-column-gap-default\">\n\t\t\t\t\t<div class=\"elementor-column elementor-col-100 elementor-top-column elementor-element elementor-element-2d909e12\" data-id=\"2d909e12\" data-element_type=\"column\">\n\t\t\t<div class=\"elementor-widget-wrap elementor-element-populated\">\n\t\t\t\t\t\t<div class=\"elementor-element elementor-element-50599d5b elementor-widget elementor-widget-themedraft_section_title\" data-id=\"50599d5b\" data-element_type=\"widget\" data-widget_type=\"themedraft_section_title.default\">\n\t\t\t\t<div class=\"elementor-widget-container\">\n\t\t\t\t\t\n\t\t<div class=\"td-section-title-wrapper\">\n            <div class=\"td-section-title-content td-secondary-font\">\n                                    <div class=\"td-section-title-bg-text\">\n                        Katalog                    <\/div>\n                \n                                    <div class=\"td-section-subtitle td-primary-color\">\n                        Katalog                    <\/div>\n                \n                                    <div class=\"td-section-title\">\n                        <h2>DLED \u00dcr\u00fcn Katalo\u011fu<\/h2>                    <\/div>\n                                        <div class=\"title-bottom-line\" style=\"background-image: url(https:\/\/demo.themedraft.net\/wp\/doctio\/wp-content\/uploads\/2022\/06\/line-1.png)\"><\/div>\n                                                <\/div>\n\t\t<\/div>\n\t\t\t\t\t\t<\/div>\n\t\t\t\t<\/div>\n\t\t\t\t<div class=\"elementor-element elementor-element-fc597eb elementor-widget elementor-widget-html\" data-id=\"fc597eb\" data-element_type=\"widget\" data-widget_type=\"html.default\">\n\t\t\t\t\t<div class=\"_df_book df-lite\" id=\"df_1343\"  _slug=\"dled-katalog\" data-title=\"dled-katalog\" wpoptions=\"true\" thumbtype=\"\" ><\/div><script class=\"df-shortcode-script\" nowprocket type=\"application\/javascript\">window.option_df_1343 = {\"outline\":[],\"autoEnableOutline\":\"false\",\"autoEnableThumbnail\":\"false\",\"overwritePDFOutline\":\"false\",\"direction\":\"1\",\"pageSize\":\"0\",\"source\":\"https:\\\/\\\/dledfarma.com\\\/wp-content\\\/uploads\\\/2025\\\/08\\\/katalog-dled.pdf\",\"wpOptions\":\"true\"}; if(window.DFLIP && window.DFLIP.parseBooks){window.DFLIP.parseBooks();}<\/script>\t\t\t\t<\/div>\n\t\t\t\t<div class=\"elementor-element elementor-element-8cc45ba elementor-widget elementor-widget-tp-button\" data-id=\"8cc45ba\" data-element_type=\"widget\" data-widget_type=\"tp-button.default\">\n\t\t\t\t\t<div class=\"pt-plus-button-wrapper   text- \"><div class=\"button_parallax \"><div id=\"button69e1bfe77f1c4\"  class=\" text- ts-button content_hover_effect  \" ><div class=\"pt_plus_button btn69e1bfe77f1c2 button-style-12   \"  ><div class=\"animted-content-inner \"><a href=\"https:\/\/dledfarma.com\/wp-content\/uploads\/2025\/08\/katalog-dled.pdf\" target=\"_blank\" class=\"button-link-wrap \" role=\"button\" data-hover=\"DLED Katalog \u0130ndir\"  ><span>DLED Katalog \u0130ndir<span class=\"btn-icon button-after\"><svg aria-hidden=\"true\" class=\"e-font-icon-svg e-fas-download\" viewBox=\"0 0 512 512\" xmlns=\"http:\/\/www.w3.org\/2000\/svg\"><path d=\"M216 0h80c13.3 0 24 10.7 24 24v168h87.7c17.8 0 26.7 21.5 14.1 34.1L269.7 378.3c-7.5 7.5-19.8 7.5-27.3 0L90.1 226.1c-12.6-12.6-3.7-34.1 14.1-34.1H192V24c0-13.3 10.7-24 24-24zm296 376v112c0 13.3-10.7 24-24 24H24c-13.3 0-24-10.7-24-24V376c0-13.3 10.7-24 24-24h146.7l49 49c20.1 20.1 52.5 20.1 72.6 0l49-49H488c13.3 0 24 10.7 24 24zm-124 88c0-11-9-20-20-20s-20 9-20 20 9 20 20 20 20-9 20-20zm64 0c0-11-9-20-20-20s-20 9-20 20 9 20 20 20 20-9 20-20z\"><\/path><\/svg><\/span><\/span><\/a><\/div><\/div><\/div><\/div><\/div>\t\t\t\t<\/div>\n\t\t\t\t\t<\/div>\n\t\t<\/div>\n\t\t\t\t\t<\/div>\n\t\t<\/section>\n\t\t\t\t<\/div>\n\t\t","protected":false},"excerpt":{"rendered":"<p>Katalog Katalog DLED \u00dcr\u00fcn Katalo\u011fu DLED Katalog \u0130ndir<\/p>\n","protected":false},"author":1,"featured_media":0,"parent":0,"menu_order":0,"comment_status":"closed","ping_status":"closed","template":"","meta":{"om_disable_all_campaigns":false,"_monsterinsights_skip_tracking":false,"_monsterinsights_sitenote_active":false,"_monsterinsights_sitenote_note":"","_monsterinsights_sitenote_category":0,"footnotes":""},"class_list":["post-1341","page","type-page","status-publish","hentry"],"_links":{"self":[{"href":"https:\/\/dledfarma.com\/en\/wp-json\/wp\/v2\/pages\/1341","targetHints":{"allow":["GET"]}}],"collection":[{"href":"https:\/\/dledfarma.com\/en\/wp-json\/wp\/v2\/pages"}],"about":[{"href":"https:\/\/dledfarma.com\/en\/wp-json\/wp\/v2\/types\/page"}],"author":[{"embeddable":true,"href":"https:\/\/dledfarma.com\/en\/wp-json\/wp\/v2\/users\/1"}],"replies":[{"embeddable":true,"href":"https:\/\/dledfarma.com\/en\/wp-json\/wp\/v2\/comments?post=1341"}],"version-history":[{"count":8,"href":"https:\/\/dledfarma.com\/en\/wp-json\/wp\/v2\/pages\/1341\/revisions"}],"predecessor-version":[{"id":1497,"href":"https:\/\/dledfarma.com\/en\/wp-json\/wp\/v2\/pages\/1341\/revisions\/1497"}],"wp:attachment":[{"href":"https:\/\/dledfarma.com\/en\/wp-json\/wp\/v2\/media?parent=1341"}],"curies":[{"name":"wp","href":"https:\/\/api.w.org\/{rel}","templated":true}]}}