{"id":608,"date":"2022-06-10T19:22:20","date_gmt":"2022-06-10T19:22:20","guid":{"rendered":"https:\/\/demo.themedraft.net\/wp\/doctio\/?page_id=608"},"modified":"2025-12-22T08:12:23","modified_gmt":"2025-12-22T08:12:23","slug":"about-us","status":"publish","type":"page","link":"https:\/\/dledfarma.com\/en\/about-us\/","title":{"rendered":"About us"},"content":{"rendered":"\t\t<div data-elementor-type=\"wp-page\" data-elementor-id=\"608\" class=\"elementor elementor-608\">\n\t\t\t\t\t\t<section class=\"elementor-section elementor-top-section elementor-element elementor-element-ff9f1da elementor-section-stretched elementor-section-boxed elementor-section-height-default elementor-section-height-default\" data-id=\"ff9f1da\" data-element_type=\"section\" data-settings=\"{&quot;stretch_section&quot;:&quot;section-stretched&quot;}\">\n\t\t\t\t\t\t<div class=\"elementor-container elementor-column-gap-default\">\n\t\t\t\t\t<div class=\"elementor-column elementor-col-33 elementor-top-column elementor-element elementor-element-0c64550\" data-id=\"0c64550\" data-element_type=\"column\">\n\t\t\t<div class=\"elementor-widget-wrap elementor-element-populated\">\n\t\t\t\t\t\t<div class=\"elementor-element elementor-element-2e201db elementor-widget elementor-widget-themedraft_tiwcb\" data-id=\"2e201db\" data-element_type=\"widget\" data-widget_type=\"themedraft_tiwcb.default\">\n\t\t\t\t<div class=\"elementor-widget-container\">\n\t\t\t\t\t\n        <div class=\"td-tiwcb-wrapper\">\n\n\n\n            <div class=\"td-tiwcb-first-image td-cover-bg\" style=\"background-image: url(https:\/\/dledfarma.com\/wp-content\/uploads\/2025\/07\/hakkimizda_3.webp)\"><\/div>\n\n            <div class=\"td-tiwcb-second-image td-cover-bg\" style=\"background-image: url(https:\/\/dledfarma.com\/wp-content\/uploads\/2025\/07\/hakkimizda_4.webp)\"><\/div>\n\n            <div class=\"td-tiwcb-third-image td-cover-bg\" style=\"background-image: url(https:\/\/dledfarma.com\/wp-content\/uploads\/2025\/07\/hakkimizda_1.webp)\">\n\t                                <a href=\"#\" class=\"circle-button-wrapper td-secondary-font\" >\n                        <i class=\"flaticon-right-arrow-1\"><\/i>\n                        <svg viewBox=\"0 0 100 100\">\n                            <defs>\n                                <path id=\"td-circle-button\" d=\"M 50, 50 m -37, 0 a 37,37 0 1,1 74,0 a 37,37 0 1,1 -74,0\"\/>\n                            <\/defs>\n                            <text>\n                                <textPath xlink:href=\"#td-circle-button\">\n\t\t\t\t\t\t            An Ounce of Prevention is Worth a Pound of Antibiotics!                                <\/textPath>\n                            <\/text>\n                        <\/svg>\n                    <\/a>\n\t                        <\/div>\n        <\/div>\n\n\t\t\t\t\t\t<\/div>\n\t\t\t\t<\/div>\n\t\t\t\t\t<\/div>\n\t\t<\/div>\n\t\t\t\t<div class=\"elementor-column elementor-col-66 elementor-top-column elementor-element elementor-element-42c922c\" data-id=\"42c922c\" data-element_type=\"column\">\n\t\t\t<div class=\"elementor-widget-wrap elementor-element-populated\">\n\t\t\t\t\t\t<div class=\"elementor-element elementor-element-c3453d5 elementor-widget elementor-widget-themedraft_section_title\" data-id=\"c3453d5\" data-element_type=\"widget\" data-widget_type=\"themedraft_section_title.default\">\n\t\t\t\t<div class=\"elementor-widget-container\">\n\t\t\t\t\t\n\t\t<div class=\"td-section-title-wrapper\">\n            <div class=\"td-section-title-content td-secondary-font\">\n                \n                                    <div class=\"td-section-subtitle td-primary-color\">\n                        Who We Are?                    <\/div>\n                \n                                    <div class=\"td-section-title\">\n                        <h3>See the Future of Health with Trifarma.<\/h3>                    <\/div>\n                                        <div class=\"title-bottom-line\" style=\"background-image: url(https:\/\/demo.themedraft.net\/wp\/doctio\/wp-content\/uploads\/2022\/06\/line-1.png)\"><\/div>\n                                                <\/div>\n\t\t<\/div>\n\t\t\t\t\t\t<\/div>\n\t\t\t\t<\/div>\n\t\t\t\t<div class=\"elementor-element elementor-element-7ce8edf elementor-widget elementor-widget-themedraft_text\" data-id=\"7ce8edf\" data-element_type=\"widget\" data-widget_type=\"themedraft_text.default\">\n\t\t\t\t<div class=\"elementor-widget-container\">\n\t\t\t\t\t\n\t\t<div class=\"td-text-wrapper\">\n\t\t\t<p><strong>Trifarma<\/strong>, an approach that prioritizes human health,<br \/>integrates sustainable production and technological diversity.<br \/>Developing innovative and awareness-based solutions at every stage of our production processes,<br \/>we redefine hygiene standards with advanced systems like<br \/><a title=\"More information about DLED Technology\" href=\"#\">DLED technology<\/a>.<\/p><p><strong>Sustainability<\/strong> undertakes the most important role in our organizational structure.<br \/>Our company operating in the health sector, while ensuring production continuity,<br \/>has also adopted the principle of protecting and securing human life.<\/p><p>Due to the social responsibility we feel, we act with a strong **sensitivity to human health** and<br \/>an understanding of **effective measures against viruses**.<br \/>In all our production processes, we develop Ministry of Health-approved <a href=\"#\">biocidal products<\/a>,<br \/>focusing on safe technologies that do not contain active substances.<\/p><p>Our goal as <strong>Trifarma<\/strong> is to offer solutions that enhance the quality of life, are sensitive to the environment and people,<br \/>and comply with the requirements of the era. We continue to take secure steps for healthier tomorrows.<\/p>\n            \t\t<\/div>\n\n\t\t\t\t\t\t<\/div>\n\t\t\t\t<\/div>\n\t\t\t\t\t<\/div>\n\t\t<\/div>\n\t\t\t\t\t<\/div>\n\t\t<\/section>\n\t\t\t\t<section class=\"elementor-section elementor-top-section elementor-element elementor-element-1cd4493e elementor-section-stretched elementor-section-boxed elementor-section-height-default elementor-section-height-default\" data-id=\"1cd4493e\" data-element_type=\"section\" data-settings=\"{&quot;stretch_section&quot;:&quot;section-stretched&quot;}\">\n\t\t\t\t\t\t<div class=\"elementor-container elementor-column-gap-default\">\n\t\t\t\t\t<div class=\"elementor-column elementor-col-100 elementor-top-column elementor-element elementor-element-45167e09\" data-id=\"45167e09\" data-element_type=\"column\">\n\t\t\t<div class=\"elementor-widget-wrap elementor-element-populated\">\n\t\t\t\t\t\t<div class=\"elementor-element elementor-element-15732c1 elementor-widget elementor-widget-themedraft_counter_up\" data-id=\"15732c1\" data-element_type=\"widget\" data-widget_type=\"themedraft_counter_up.default\">\n\t\t\t\t<div class=\"elementor-widget-container\">\n\t\t\t\t\t        <div class=\"counter-up-wrapper td-counter-box-33389\">\n                        <div class=\"td-section-title-bg-text td-secondary-font\" style=\"z-index:1;\">Statistics<\/div>\n            \n            <div class=\"row\">\n                                        <div class=\"col-xl-3 col-lg-3 col-md-6 col-6\">\n                            <div class=\"td-counter-box\">\n                                <div class=\"td-counter-content\">\n                                    <div class=\"td-count-icon\">\n                                        <i aria-hidden=\"true\" class=\"flaticon-doctor-1\"><\/i>                                    <\/div>\n\n                                    <div class=\"td-count-number-and-unit td-secondary-font\">\n                                        <span class=\"td-count-number\">568<\/span>+                                    <\/div>\n\n                                    <div class=\"td-count-title\">Professional Doctors<\/div>\n                                <\/div>\n                            <\/div>\n                        <\/div>\n                                                <div class=\"col-xl-3 col-lg-3 col-md-6 col-6\">\n                            <div class=\"td-counter-box\">\n                                <div class=\"td-counter-content\">\n                                    <div class=\"td-count-icon\">\n                                        <i aria-hidden=\"true\" class=\"td-icon flaticon-laboratory\"><\/i>                                    <\/div>\n\n                                    <div class=\"td-count-number-and-unit td-secondary-font\">\n                                        <span class=\"td-count-number\">963<\/span>+                                    <\/div>\n\n                                    <div class=\"td-count-title\">Digital Laboratory<\/div>\n                                <\/div>\n                            <\/div>\n                        <\/div>\n                                                <div class=\"col-xl-3 col-lg-3 col-md-6 col-6\">\n                            <div class=\"td-counter-box\">\n                                <div class=\"td-counter-content\">\n                                    <div class=\"td-count-icon\">\n                                        <i aria-hidden=\"true\" class=\"td-icon flaticon-laurel-wreath\"><\/i>                                    <\/div>\n\n                                    <div class=\"td-count-number-and-unit td-secondary-font\">\n                                        <span class=\"td-count-number\">38<\/span>+                                    <\/div>\n\n                                    <div class=\"td-count-title\">Years Of Experience<\/div>\n                                <\/div>\n                            <\/div>\n                        <\/div>\n                                                <div class=\"col-xl-3 col-lg-3 col-md-6 col-6\">\n                            <div class=\"td-counter-box\">\n                                <div class=\"td-counter-content\">\n                                    <div class=\"td-count-icon\">\n                                        <i aria-hidden=\"true\" class=\"td-icon flaticon-award-1\"><\/i>                                    <\/div>\n\n                                    <div class=\"td-count-number-and-unit td-secondary-font\">\n                                        <span class=\"td-count-number\">463<\/span>+                                    <\/div>\n\n                                    <div class=\"td-count-title\">Winning Awards<\/div>\n                                <\/div>\n                            <\/div>\n                        <\/div>\n                                    <\/div>\n\n        <\/div>\n\n        <script>\n            (function ($) {\n                \"use strict\";\n                \/*====  Document Ready Function =====*\/\n                jQuery(document).ready(function($){\n                    $(\".td-counter-box-33389 .td-count-number\").counterUp({\n                        delay: 10,\n                        time: 2000\n                    });\n                });\n            }(jQuery));\n        <\/script>\n\t\t\t\t\t\t<\/div>\n\t\t\t\t<\/div>\n\t\t\t\t\t<\/div>\n\t\t<\/div>\n\t\t\t\t\t<\/div>\n\t\t<\/section>\n\t\t\t\t<section class=\"elementor-section elementor-top-section elementor-element elementor-element-5631ca09 elementor-section-stretched elementor-section-boxed elementor-section-height-default elementor-section-height-default\" data-id=\"5631ca09\" data-element_type=\"section\" data-settings=\"{&quot;stretch_section&quot;:&quot;section-stretched&quot;}\">\n\t\t\t\t\t\t<div class=\"elementor-container elementor-column-gap-default\">\n\t\t\t\t\t<div class=\"elementor-column elementor-col-33 elementor-top-column elementor-element elementor-element-2183edc5\" data-id=\"2183edc5\" data-element_type=\"column\">\n\t\t\t<div class=\"elementor-widget-wrap elementor-element-populated\">\n\t\t\t\t\t\t<div class=\"elementor-element elementor-element-5a358cda elementor-widget elementor-widget-themedraft_section_title\" data-id=\"5a358cda\" data-element_type=\"widget\" data-widget_type=\"themedraft_section_title.default\">\n\t\t\t\t<div class=\"elementor-widget-container\">\n\t\t\t\t\t\n\t\t<div class=\"td-section-title-wrapper\">\n            <div class=\"td-section-title-content td-secondary-font\">\n                                    <div class=\"td-section-title-bg-text\">\n                        DLED                    <\/div>\n                \n                                    <div class=\"td-section-subtitle td-primary-color\">\n                        Why Choose Us?                    <\/div>\n                \n                                    <div class=\"td-section-title\">\n                        <h2>The Right Address for Your Reliable Solutions<\/h2>                    <\/div>\n                                        <div class=\"title-bottom-line\" style=\"background-image: url(https:\/\/demo.themedraft.net\/wp\/doctio\/wp-content\/uploads\/2022\/06\/line-1.png)\"><\/div>\n                                                <\/div>\n\t\t<\/div>\n\t\t\t\t\t\t<\/div>\n\t\t\t\t<\/div>\n\t\t\t\t<div class=\"elementor-element elementor-element-6fad022 elementor-widget elementor-widget-themedraft_text\" data-id=\"6fad022\" data-element_type=\"widget\" data-widget_type=\"themedraft_text.default\">\n\t\t\t\t<div class=\"elementor-widget-container\">\n\t\t\t\t\t\n\t\t<div class=\"td-text-wrapper\">\n\t\t\tIn today's world, choosing the right business partner is key to success. We make a difference in the sector through our innovative approaches, superior service quality, and customer-centric principles.\n\nWith our solutions that prioritize human health and sustainability, we offer you not just a product or service, but also a long-term collaboration. Especially with our revolutionary <a href=\"https:\/\/dledfarma.com\/en\/service\/dled\/\">DLED<\/a> product, we are redefining hygiene and safety standards.\n\nContinue reading to discover the advantages you will gain by working with us. Do you have questions? You can consult our expert team by visiting our <a href=\"https:\/\/dledfarma.com\/en\/contact-us\/\">Contact page<\/a>.\n            \t\t<\/div>\n\n\t\t\t\t\t\t<\/div>\n\t\t\t\t<\/div>\n\t\t\t\t\t<\/div>\n\t\t<\/div>\n\t\t\t\t<div class=\"elementor-column elementor-col-66 elementor-top-column elementor-element elementor-element-5a72fc58\" data-id=\"5a72fc58\" data-element_type=\"column\">\n\t\t\t<div class=\"elementor-widget-wrap elementor-element-populated\">\n\t\t\t\t\t\t<div class=\"elementor-element elementor-element-4200fb7 elementor-widget elementor-widget-themeDraft_accordion\" data-id=\"4200fb7\" data-element_type=\"widget\" data-widget_type=\"themeDraft_accordion.default\">\n\t\t\t\t<div class=\"elementor-widget-container\">\n\t\t\t\t\t        <div class=\"td-accordion-wrapper td-accordion-wrapper-96067\">\n            <div class=\"accordion\" id=\"td-accordion-96067\">\n\n\t\t\t\t                        <div class=\"accordion-item\">\n                            <h2 class=\"accordion-header\">\n                                <button class=\"accordion-button \" type=\"button\" data-bs-toggle=\"collapse\" data-bs-target=\"#collapse-196067\" aria-expanded=\"true\" aria-controls=\"collapse-196067\">\n\t\t\t\t\t\t\t\t\t01. How Do Your Services and Products Differ from Your Competitors?                                <\/button>\n                            <\/h2>\n\n                            <div id=\"collapse-196067\" class=\"accordion-collapse collapse show\" data-bs-parent=\"#td-accordion-96067\">\n                                <div class=\"accordion-body\">\n\t\t\t\t\t\t\t\t\tBiz, pazar\u0131n dinamiklerini yak\u0131ndan takip ederek s\u00fcrekli Ar-Ge yat\u0131r\u0131mlar\u0131 yapar\u0131z. \u00d6zellikle, yapay zeka destekli ve UV i\u00e7ermeyen, biyosidal ruhsatl\u0131 <a title=\"DLED Hakk\u0131nda Detayl\u0131 Bilgi Al\u0131n\" href=\"https:\/\/dledfarma.com\/en\/service\/dled\/\">DLED teknolojimiz<\/a> ile sekt\u00f6rde benzersiz bir konumday\u0131z. Bu yenilik\u00e7i yakla\u015f\u0131m\u0131m\u0131z, insan sa\u011fl\u0131\u011f\u0131n\u0131 tehdit etmeden y\u00fcksek d\u00fczeyde etkinlik sunar. G\u00fcvenlik, verimlilik ve \u00e7evre dostu olma ilkeleriyle tasarlanm\u0131\u015f \u00e7\u00f6z\u00fcmlerimizle rakiplerimizin bir ad\u0131m \u00f6n\u00fcndeyiz.                                <\/div>\n                            <\/div>\n                        <\/div>\n\t\t\t\t\t\t                        <div class=\"accordion-item\">\n                            <h2 class=\"accordion-header\">\n                                <button class=\"accordion-button collapsed\" type=\"button\" data-bs-toggle=\"collapse\" data-bs-target=\"#collapse-296067\" aria-expanded=\"false\" aria-controls=\"collapse-296067\">\n\t\t\t\t\t\t\t\t\t02. What is Your Approach to Customer Satisfaction, and How Do Your Support Processes Work?                                <\/button>\n                            <\/h2>\n\n                            <div id=\"collapse-296067\" class=\"accordion-collapse collapse \" data-bs-parent=\"#td-accordion-96067\">\n                                <div class=\"accordion-body\">\n\t\t\t\t\t\t\t\t\tCustomer satisfaction is the foundation of our company philosophy. We provide transparent communication and continuous support at every stage, from project initiation to completion.\n\nOur expert team analyzes your needs to offer tailor-made solutions and is always by your side during after-sales processes. We aim to establish long-term, trust-based relationships by providing fast and effective solutions for any issues you may encounter. To contact us, you can use our <a title=\"Reach Our Customer Support Line\" href=\"https:\/\/dledfarma.com\/en\/contact-us\/\">contact page<\/a>.                                <\/div>\n                            <\/div>\n                        <\/div>\n\t\t\t\t\t\t                        <div class=\"accordion-item\">\n                            <h2 class=\"accordion-header\">\n                                <button class=\"accordion-button collapsed\" type=\"button\" data-bs-toggle=\"collapse\" data-bs-target=\"#collapse-396067\" aria-expanded=\"false\" aria-controls=\"collapse-396067\">\n\t\t\t\t\t\t\t\t\t03. What Steps Are You Taking Regarding Sustainability and Environmental Sensitivity?                                <\/button>\n                            <\/h2>\n\n                            <div id=\"collapse-396067\" class=\"accordion-collapse collapse \" data-bs-parent=\"#td-accordion-96067\">\n                                <div class=\"accordion-body\">\n\t\t\t\t\t\t\t\t\tSustainability is an integral part of our business. We focus on minimizing our environmental impact in all our production processes and product developments.\n\n<a title=\"Learn About Environmentally Friendly DLED Technology\" href=\"https:\/\/dledfarma.com\/en\/service\/dled\/\">DLED<\/a> contributes to the protection of our planet with its energy efficiency and chemical-free nature. Conscious of our responsibility to leave a more livable world for future generations, we operate with the principles of full compliance with environmental standards and continuous improvement.                                <\/div>\n                            <\/div>\n                        <\/div>\n\t\t\t\t\t\t            <\/div>\n        <\/div>\n\t\t\t\t\t\t<\/div>\n\t\t\t\t<\/div>\n\t\t\t\t\t<\/div>\n\t\t<\/div>\n\t\t\t\t\t<\/div>\n\t\t<\/section>\n\t\t\t\t<section class=\"elementor-section elementor-top-section elementor-element elementor-element-26ed1065 elementor-section-stretched elementor-section-boxed elementor-section-height-default elementor-section-height-default\" data-id=\"26ed1065\" data-element_type=\"section\" data-settings=\"{&quot;background_background&quot;:&quot;classic&quot;,&quot;stretch_section&quot;:&quot;section-stretched&quot;}\">\n\t\t\t\t\t\t<div class=\"elementor-container elementor-column-gap-default\">\n\t\t\t\t\t<div class=\"elementor-column elementor-col-50 elementor-top-column elementor-element elementor-element-d471f86\" data-id=\"d471f86\" data-element_type=\"column\">\n\t\t\t<div class=\"elementor-widget-wrap elementor-element-populated\">\n\t\t\t\t\t\t<div class=\"elementor-element elementor-element-3abeb80b elementor-widget elementor-widget-themedraft_section_title\" data-id=\"3abeb80b\" data-element_type=\"widget\" data-widget_type=\"themedraft_section_title.default\">\n\t\t\t\t<div class=\"elementor-widget-container\">\n\t\t\t\t\t\n\t\t<div class=\"td-section-title-wrapper\">\n            <div class=\"td-section-title-content td-secondary-font\">\n                \n                                    <div class=\"td-section-subtitle td-primary-color\">\n                        Learn More About Our Products                    <\/div>\n                \n                                    <div class=\"td-section-title\">\n                        <h2>A Gram of Precaution is Better Than a Kilogram of Antibiotics!<\/h2>                    <\/div>\n                                                <\/div>\n\t\t<\/div>\n\t\t\t\t\t\t<\/div>\n\t\t\t\t<\/div>\n\t\t\t\t<div class=\"elementor-element elementor-element-1c82c9c elementor-widget elementor-widget-themedraft_button_widget\" data-id=\"1c82c9c\" data-element_type=\"widget\" data-widget_type=\"themedraft_button_widget.default\">\n\t\t\t\t<div class=\"elementor-widget-container\">\n\t\t\t\t\t\n\t\t<div class=\"themedraft-button-wrapper td-button-el-widget\">\n\t\t\t<a href=\"https:\/\/dledfarma.com\/iletisim\/\" class=\"themedraft-button td-button themedraft-button-one\" >\u0130leti\u015fim                <i class=\"fas fa-plus\"><\/i>\n            <\/a>\n\n\t\t\t\t\t<\/div>\n\t\t\t\t\t\t<\/div>\n\t\t\t\t<\/div>\n\t\t\t\t\t<\/div>\n\t\t<\/div>\n\t\t\t\t<div class=\"elementor-column elementor-col-50 elementor-top-column elementor-element elementor-element-5b320315\" data-id=\"5b320315\" data-element_type=\"column\">\n\t\t\t<div class=\"elementor-widget-wrap elementor-element-populated\">\n\t\t\t\t\t\t<div class=\"elementor-element elementor-element-5a2a05a8 elementor-widget elementor-widget-themedraft_video_popup\" data-id=\"5a2a05a8\" data-element_type=\"widget\" data-widget_type=\"themedraft_video_popup.default\">\n\t\t\t\t<div class=\"elementor-widget-container\">\n\t\t\t\t\t\n\t\t<div class=\"td-img-with-video\">\n            \t\t\t<div class=\"td-video-image td-cover-bg\" style=\"background-image: url();\">\n\t\t\t\t<a href=\"#\" class=\"td-video-button mfp-iframe\">\n\t\t\t\t\t<i class=\"fas fa-play\"><\/i>\n\t\t\t\t<\/a>\n\t\t\t<\/div>\n\t\t<\/div>\n\n        <script>\n            jQuery(document).ready(function ($) {\n                $(\".td-video-button\").magnificPopup({\n                    type: 'video',\n                });\n            });\n        <\/script>\n\n\t\t\t\t\t\t<\/div>\n\t\t\t\t<\/div>\n\t\t\t\t\t<\/div>\n\t\t<\/div>\n\t\t\t\t\t<\/div>\n\t\t<\/section>\n\t\t\t\t<\/div>\n\t\t","protected":false},"excerpt":{"rendered":"<p>An Ounce of Prevention is Worth a Pound of Antibiotics! Who We Are? See the Future of Health with Trifarma. Trifarma, an approach that prioritizes human health,integrates sustainable production and technological diversity.Developing innovative and awareness-based solutions at every stage of our production processes,we redefine hygiene standards with advanced systems likeDLED technology. Sustainability undertakes the most [&hellip;]<\/p>\n","protected":false},"author":1,"featured_media":0,"parent":0,"menu_order":0,"comment_status":"closed","ping_status":"closed","template":"","meta":{"om_disable_all_campaigns":false,"_monsterinsights_skip_tracking":false,"_monsterinsights_sitenote_active":false,"_monsterinsights_sitenote_note":"","_monsterinsights_sitenote_category":0,"footnotes":""},"class_list":["post-608","page","type-page","status-publish","hentry"],"_links":{"self":[{"href":"https:\/\/dledfarma.com\/en\/wp-json\/wp\/v2\/pages\/608","targetHints":{"allow":["GET"]}}],"collection":[{"href":"https:\/\/dledfarma.com\/en\/wp-json\/wp\/v2\/pages"}],"about":[{"href":"https:\/\/dledfarma.com\/en\/wp-json\/wp\/v2\/types\/page"}],"author":[{"embeddable":true,"href":"https:\/\/dledfarma.com\/en\/wp-json\/wp\/v2\/users\/1"}],"replies":[{"embeddable":true,"href":"https:\/\/dledfarma.com\/en\/wp-json\/wp\/v2\/comments?post=608"}],"version-history":[{"count":20,"href":"https:\/\/dledfarma.com\/en\/wp-json\/wp\/v2\/pages\/608\/revisions"}],"predecessor-version":[{"id":1551,"href":"https:\/\/dledfarma.com\/en\/wp-json\/wp\/v2\/pages\/608\/revisions\/1551"}],"wp:attachment":[{"href":"https:\/\/dledfarma.com\/en\/wp-json\/wp\/v2\/media?parent=608"}],"curies":[{"name":"wp","href":"https:\/\/api.w.org\/{rel}","templated":true}]}}