{"id":620,"date":"2022-06-10T19:27:40","date_gmt":"2022-06-10T19:27:40","guid":{"rendered":"https:\/\/demo.themedraft.net\/wp\/doctio\/?page_id=620"},"modified":"2025-12-22T08:19:22","modified_gmt":"2025-12-22T08:19:22","slug":"products","status":"publish","type":"page","link":"https:\/\/dledfarma.com\/en\/products\/","title":{"rendered":"Products"},"content":{"rendered":"\t\t<div data-elementor-type=\"wp-page\" data-elementor-id=\"620\" class=\"elementor elementor-620\">\n\t\t\t\t\t\t<section class=\"elementor-section elementor-top-section elementor-element elementor-element-48b70c0 elementor-section-full_width elementor-section-stretched elementor-section-height-default elementor-section-height-default\" data-id=\"48b70c0\" data-element_type=\"section\" data-settings=\"{&quot;stretch_section&quot;:&quot;section-stretched&quot;}\">\n\t\t\t\t\t\t<div class=\"elementor-container elementor-column-gap-default\">\n\t\t\t\t\t<div class=\"elementor-column elementor-col-100 elementor-top-column elementor-element elementor-element-a2ca9c0\" data-id=\"a2ca9c0\" data-element_type=\"column\">\n\t\t\t<div class=\"elementor-widget-wrap elementor-element-populated\">\n\t\t\t\t\t\t<div class=\"elementor-element elementor-element-113bddf elementor-widget elementor-widget-themedraft_section_title\" data-id=\"113bddf\" data-element_type=\"widget\" data-widget_type=\"themedraft_section_title.default\">\n\t\t\t\t<div class=\"elementor-widget-container\">\n\t\t\t\t\t\n\t\t<div class=\"td-section-title-wrapper\">\n            <div class=\"td-section-title-content td-secondary-font\">\n                                    <div class=\"td-section-title-bg-text\">\n                        \u00dcr\u00fcnlerimiz                    <\/div>\n                \n                                    <div class=\"td-section-subtitle td-primary-color\">\n                        Our products                    <\/div>\n                \n                                    <div class=\"td-section-title\">\n                        <h2>DLED Teknolojisi<\/h2>                    <\/div>\n                                        <div class=\"title-bottom-line\" style=\"background-image: url(https:\/\/demo.themedraft.net\/wp\/doctio\/wp-content\/uploads\/2022\/06\/line-1.png)\"><\/div>\n                                                <\/div>\n\t\t<\/div>\n\t\t\t\t\t\t<\/div>\n\t\t\t\t<\/div>\n\t\t\t\t<div class=\"elementor-element elementor-element-1c73415 elementor-widget elementor-widget-themedraft_service_box_one\" data-id=\"1c73415\" data-element_type=\"widget\" data-widget_type=\"themedraft_service_box_one.default\">\n\t\t\t\t<div class=\"elementor-widget-container\">\n\t\t\t\t\t\n\t\t<div class=\"td-service-one-item-wrapper\">\n\t\t\t<div class=\"container\">\n\t\t\t\t<div class=\"row\">\n\t\t\t\t\t\n\t\t\t\t\t\t\t<div class=\"col-xl-4 col-lg-6 col-md-6\">\n\t\t\t\t\t\t\t\t<div class=\"td-service-one-item\">\n\t\t\t\t\t\t\t\t\t<a class=\"td-service-one-image td-cover-bg\" href=\"https:\/\/dledfarma.com\/service\/dled\/\" style=\"background-image: url(https:\/\/dledfarma.com\/wp-content\/uploads\/2025\/07\/DLED.png)\" ><\/a>\n\n\t\t\t\t\t\t\t\t\t<div class=\"service-one-content\">\n\t\t\t\t\t\t\t\t\t\t<a href=\"https:\/\/dledfarma.com\/service\/dled\/\"  class=\"service-one-title\">DLED<\/a>\n\t\t\t\t\t\t\t\t\t\t<div class=\"service-one-description\">\n\t\t\t\t\t\t\t\t\t\t\t<p>The Only AI-Powered, UV-Free Biocidal Licensed Product in T\u00fcrkiye<\/p>\t\t\t\t\t\t\t\t\t\t<\/div>\n\t\t\t\t\t\t\t\t\t\t<div class=\"service-one-details-button\">\n\t\t\t\t\t\t\t\t\t\t\t<a class=\"td-text-button\" href=\"https:\/\/dledfarma.com\/service\/dled\/\" >Daha Fazla <i class=\"fas fa-angle-double-right\"><\/i><\/a>\n\t\t\t\t\t\t\t\t\t\t<\/div>\n\t\t\t\t\t\t\t\t\t<\/div>\n\t\t\t\t\t\t\t\t<\/div>\n\t\t\t\t\t\t\t<\/div>\n\t\t\t\t\t\t\t\t\t\t<\/div>\n\t\t\t<\/div>\n\t\t<\/div>\n\t\t\t\t\t\t<\/div>\n\t\t\t\t<\/div>\n\t\t\t\t\t<\/div>\n\t\t<\/div>\n\t\t\t\t\t<\/div>\n\t\t<\/section>\n\t\t\t\t<section class=\"elementor-section elementor-top-section elementor-element elementor-element-9881eeb elementor-section-full_width elementor-section-stretched elementor-section-height-default elementor-section-height-default\" data-id=\"9881eeb\" data-element_type=\"section\" data-settings=\"{&quot;stretch_section&quot;:&quot;section-stretched&quot;}\">\n\t\t\t\t\t\t<div class=\"elementor-container elementor-column-gap-no\">\n\t\t\t\t\t<div class=\"elementor-column elementor-col-100 elementor-top-column elementor-element elementor-element-4fdb416\" data-id=\"4fdb416\" data-element_type=\"column\">\n\t\t\t<div class=\"elementor-widget-wrap elementor-element-populated\">\n\t\t\t\t\t\t<div class=\"elementor-element elementor-element-0e3e91b elementor-widget elementor-widget-themedraft_cta_one\" data-id=\"0e3e91b\" data-element_type=\"widget\" data-widget_type=\"themedraft_cta_one.default\">\n\t\t\t\t<div class=\"elementor-widget-container\">\n\t\t\t\t\t\t\t<div class=\"td-cta-one-wrapper td-primary-bg td-secondary-font\">\n\t\t\t<div class=\"container\">\n\t\t\t\t<div class=\"row\">\n\t\t\t\t\t<div class=\"col-12\">\n\t\t\t\t\t\t<div class=\"cta-one-text text-center\">\n\t\t\t\t\t\t\t<p><strong>A Gram of Precaution,<\/strong> Better than a kilo of antibiotics!<\/p>\t\t\t\t\t\t<\/div>\n\t\t\t\t\t<\/div>\n\t\t\t\t<\/div>\n\t\t\t<\/div>\n\t\t<\/div>\n\t\t\t\t\t\t<\/div>\n\t\t\t\t<\/div>\n\t\t\t\t\t<\/div>\n\t\t<\/div>\n\t\t\t\t\t<\/div>\n\t\t<\/section>\n\t\t\t\t<section class=\"elementor-section elementor-top-section elementor-element elementor-element-c9a48ed elementor-section-stretched elementor-section-boxed elementor-section-height-default elementor-section-height-default\" data-id=\"c9a48ed\" data-element_type=\"section\" data-settings=\"{&quot;background_background&quot;:&quot;classic&quot;,&quot;stretch_section&quot;:&quot;section-stretched&quot;}\">\n\t\t\t\t\t\t<div class=\"elementor-container elementor-column-gap-default\">\n\t\t\t\t\t<div class=\"elementor-column elementor-col-50 elementor-top-column elementor-element elementor-element-e96566b\" data-id=\"e96566b\" data-element_type=\"column\">\n\t\t\t<div class=\"elementor-widget-wrap elementor-element-populated\">\n\t\t\t\t\t\t<div class=\"elementor-element elementor-element-761706a elementor-widget__width-inherit elementor-widget elementor-widget-themedraft_counter_up\" data-id=\"761706a\" data-element_type=\"widget\" data-widget_type=\"themedraft_counter_up.default\">\n\t\t\t\t<div class=\"elementor-widget-container\">\n\t\t\t\t\t        <div class=\"counter-up-wrapper td-counter-box-55933\">\n                        <div class=\"td-section-title-bg-text td-secondary-font\" >DLED <\/div>\n            \n            <div class=\"row\">\n                                        <div class=\"col-xl-6 col-lg-6 col-md-6 col-6\">\n                            <div class=\"td-counter-box\">\n                                <div class=\"td-counter-content\">\n                                    <div class=\"td-count-icon\">\n                                        <i aria-hidden=\"true\" class=\"flaticon-doctor-1\"><\/i>                                    <\/div>\n\n                                    <div class=\"td-count-number-and-unit td-secondary-font\">\n                                        <span class=\"td-count-number\">3568<\/span>+                                    <\/div>\n\n                                    <div class=\"td-count-title\">Professional Doctors<\/div>\n                                <\/div>\n                            <\/div>\n                        <\/div>\n                                                <div class=\"col-xl-6 col-lg-6 col-md-6 col-6\">\n                            <div class=\"td-counter-box\">\n                                <div class=\"td-counter-content\">\n                                    <div class=\"td-count-icon\">\n                                        <i aria-hidden=\"true\" class=\"td-icon flaticon-laboratory\"><\/i>                                    <\/div>\n\n                                    <div class=\"td-count-number-and-unit td-secondary-font\">\n                                        <span class=\"td-count-number\">9632<\/span>+                                    <\/div>\n\n                                    <div class=\"td-count-title\">Digital Laboratory<\/div>\n                                <\/div>\n                            <\/div>\n                        <\/div>\n                                    <\/div>\n\n        <\/div>\n\n        <script>\n            (function ($) {\n                \"use strict\";\n                \/*====  Document Ready Function =====*\/\n                jQuery(document).ready(function($){\n                    $(\".td-counter-box-55933 .td-count-number\").counterUp({\n                        delay: 10,\n                        time: 2000\n                    });\n                });\n            }(jQuery));\n        <\/script>\n\t\t\t\t\t\t<\/div>\n\t\t\t\t<\/div>\n\t\t\t\t\t<\/div>\n\t\t<\/div>\n\t\t\t\t<div class=\"elementor-column elementor-col-50 elementor-top-column elementor-element elementor-element-eced1ce\" data-id=\"eced1ce\" data-element_type=\"column\">\n\t\t\t<div class=\"elementor-widget-wrap elementor-element-populated\">\n\t\t\t\t\t\t<div class=\"elementor-element elementor-element-a515fa7 elementor-widget__width-inherit elementor-widget elementor-widget-themedraft_counter_up\" data-id=\"a515fa7\" data-element_type=\"widget\" data-widget_type=\"themedraft_counter_up.default\">\n\t\t\t\t<div class=\"elementor-widget-container\">\n\t\t\t\t\t        <div class=\"counter-up-wrapper td-counter-box-34425\">\n            \n            <div class=\"row\">\n                                        <div class=\"col-xl-6 col-lg-6 col-md-6 col-6\">\n                            <div class=\"td-counter-box\">\n                                <div class=\"td-counter-content\">\n                                    <div class=\"td-count-icon\">\n                                        <i aria-hidden=\"true\" class=\"td-icon flaticon-laurel-wreath\"><\/i>                                    <\/div>\n\n                                    <div class=\"td-count-number-and-unit td-secondary-font\">\n                                        <span class=\"td-count-number\">38<\/span>+                                    <\/div>\n\n                                    <div class=\"td-count-title\">Years Of Experience<\/div>\n                                <\/div>\n                            <\/div>\n                        <\/div>\n                                                <div class=\"col-xl-6 col-lg-6 col-md-6 col-6\">\n                            <div class=\"td-counter-box\">\n                                <div class=\"td-counter-content\">\n                                    <div class=\"td-count-icon\">\n                                        <i aria-hidden=\"true\" class=\"td-icon flaticon-award-1\"><\/i>                                    <\/div>\n\n                                    <div class=\"td-count-number-and-unit td-secondary-font\">\n                                        <span class=\"td-count-number\">463<\/span>+                                    <\/div>\n\n                                    <div class=\"td-count-title\">Winning Awards<\/div>\n                                <\/div>\n                            <\/div>\n                        <\/div>\n                                    <\/div>\n\n        <\/div>\n\n        <script>\n            (function ($) {\n                \"use strict\";\n                \/*====  Document Ready Function =====*\/\n                jQuery(document).ready(function($){\n                    $(\".td-counter-box-34425 .td-count-number\").counterUp({\n                        delay: 10,\n                        time: 2000\n                    });\n                });\n            }(jQuery));\n        <\/script>\n\t\t\t\t\t\t<\/div>\n\t\t\t\t<\/div>\n\t\t\t\t\t<\/div>\n\t\t<\/div>\n\t\t\t\t\t<\/div>\n\t\t<\/section>\n\t\t\t\t<\/div>\n\t\t","protected":false},"excerpt":{"rendered":"<p>\u00dcr\u00fcnlerimiz Our products DLED Teknolojisi DLED The Only AI-Powered, UV-Free Biocidal Licensed Product in T\u00fcrkiye Daha Fazla A Gram of Precaution, Better than a kilo of antibiotics! DLED 3568+ Professional Doctors 9632+ Digital Laboratory 38+ Years Of Experience 463+ Winning Awards<\/p>\n","protected":false},"author":1,"featured_media":0,"parent":0,"menu_order":0,"comment_status":"closed","ping_status":"closed","template":"","meta":{"om_disable_all_campaigns":false,"_monsterinsights_skip_tracking":false,"_monsterinsights_sitenote_active":false,"_monsterinsights_sitenote_note":"","_monsterinsights_sitenote_category":0,"footnotes":""},"class_list":["post-620","page","type-page","status-publish","hentry"],"_links":{"self":[{"href":"https:\/\/dledfarma.com\/en\/wp-json\/wp\/v2\/pages\/620","targetHints":{"allow":["GET"]}}],"collection":[{"href":"https:\/\/dledfarma.com\/en\/wp-json\/wp\/v2\/pages"}],"about":[{"href":"https:\/\/dledfarma.com\/en\/wp-json\/wp\/v2\/types\/page"}],"author":[{"embeddable":true,"href":"https:\/\/dledfarma.com\/en\/wp-json\/wp\/v2\/users\/1"}],"replies":[{"embeddable":true,"href":"https:\/\/dledfarma.com\/en\/wp-json\/wp\/v2\/comments?post=620"}],"version-history":[{"count":14,"href":"https:\/\/dledfarma.com\/en\/wp-json\/wp\/v2\/pages\/620\/revisions"}],"predecessor-version":[{"id":1554,"href":"https:\/\/dledfarma.com\/en\/wp-json\/wp\/v2\/pages\/620\/revisions\/1554"}],"wp:attachment":[{"href":"https:\/\/dledfarma.com\/en\/wp-json\/wp\/v2\/media?parent=620"}],"curies":[{"name":"wp","href":"https:\/\/api.w.org\/{rel}","templated":true}]}}