{"id":629,"date":"2022-06-10T19:30:38","date_gmt":"2022-06-10T19:30:38","guid":{"rendered":"https:\/\/demo.themedraft.net\/wp\/doctio\/?page_id=629"},"modified":"2025-12-22T09:03:37","modified_gmt":"2025-12-22T09:03:37","slug":"contact-us","status":"publish","type":"page","link":"https:\/\/dledfarma.com\/en\/contact-us\/","title":{"rendered":"Contact Us"},"content":{"rendered":"\t\t<div data-elementor-type=\"wp-page\" data-elementor-id=\"629\" class=\"elementor elementor-629\">\n\t\t\t\t\t\t<section class=\"elementor-section elementor-top-section elementor-element elementor-element-30b75775 elementor-section-full_width elementor-section-stretched elementor-section-height-default elementor-section-height-default\" data-id=\"30b75775\" data-element_type=\"section\" data-settings=\"{&quot;stretch_section&quot;:&quot;section-stretched&quot;}\">\n\t\t\t\t\t\t<div class=\"elementor-container elementor-column-gap-default\">\n\t\t\t\t\t<div class=\"elementor-column elementor-col-100 elementor-top-column elementor-element elementor-element-2d909e12\" data-id=\"2d909e12\" data-element_type=\"column\">\n\t\t\t<div class=\"elementor-widget-wrap elementor-element-populated\">\n\t\t\t\t\t\t<div class=\"elementor-element elementor-element-50599d5b elementor-widget elementor-widget-themedraft_section_title\" data-id=\"50599d5b\" data-element_type=\"widget\" data-widget_type=\"themedraft_section_title.default\">\n\t\t\t\t<div class=\"elementor-widget-container\">\n\t\t\t\t\t\n\t\t<div class=\"td-section-title-wrapper\">\n            <div class=\"td-section-title-content td-secondary-font\">\n                                    <div class=\"td-section-title-bg-text\">\n                        \u0130leti\u015fim                    <\/div>\n                \n                                    <div class=\"td-section-subtitle td-primary-color\">\n                        Our Communication Channels                    <\/div>\n                \n                                    <div class=\"td-section-title\">\n                        <h2>Contact Us<\/h2>                    <\/div>\n                                        <div class=\"title-bottom-line\" style=\"background-image: url(https:\/\/demo.themedraft.net\/wp\/doctio\/wp-content\/uploads\/2022\/06\/line-1.png)\"><\/div>\n                                                <\/div>\n\t\t<\/div>\n\t\t\t\t\t\t<\/div>\n\t\t\t\t<\/div>\n\t\t\t\t<div class=\"elementor-element elementor-element-122b0723 elementor-widget elementor-widget-themedraft_contact_details_box\" data-id=\"122b0723\" data-element_type=\"widget\" data-widget_type=\"themedraft_contact_details_box.default\">\n\t\t\t\t<div class=\"elementor-widget-container\">\n\t\t\t\t\t\n\t\t<div class=\"contact-details container\">\n            <div class=\"row\">\n                                        <div class=\"col-xl-4 col-lg-6 col-md-6\">\n                            <div class=\"td-contact-details-box td-transition\">\n                                <div class=\"td-contact-details-box-icon  td-transition td-primary-color\">\n                                    \n                                        <i aria-hidden=\"true\" class=\"flaticon-telephone-1\"><\/i>\n                                                                    <\/div>\n                                <h4 class=\"td-contact-box-title td-transition\">Telephone<\/h4>\n\n                                <ul><li><a href=\"tel:+9004626660761\">0462 666 07 61<\/a><\/li><li><a href=\"https:\/\/wa.me\/+9005431955542\">0543 195 55 42<\/a><\/li><\/ul>                            <\/div>\n                        <\/div>\n                                            <div class=\"col-xl-4 col-lg-6 col-md-6\">\n                            <div class=\"td-contact-details-box td-transition\">\n                                <div class=\"td-contact-details-box-icon  td-transition td-primary-color\">\n                                    \n                                        <i aria-hidden=\"true\" class=\"td-icon flaticon-maps-and-flags\"><\/i>\n                                                                    <\/div>\n                                <h4 class=\"td-contact-box-title td-transition\">Address<\/h4>\n\n                                <p>S\u00f6\u011f\u00fctl\u00fc Mah. \u0130pek Sok. No:2A<br \/>Ak\u00e7aabat\/ Trabzon<\/p>                            <\/div>\n                        <\/div>\n                                            <div class=\"col-xl-4 col-lg-6 col-md-6\">\n                            <div class=\"td-contact-details-box td-transition\">\n                                <div class=\"td-contact-details-box-icon  td-transition td-primary-color\">\n                                    \n                                        <i aria-hidden=\"true\" class=\"td-icon flaticon-mail-inbox-app\"><\/i>\n                                                                    <\/div>\n                                <h4 class=\"td-contact-box-title td-transition\">E-mail:<\/h4>\n\n                                <ul><li><a href=\"mailto:info@dledfarma.com\">info@dledfarma.com<\/a><\/li><li><a href=\"mailto:trifarma61@gmail.com\">trifarma61@gmail.com<\/a><\/li><\/ul>                            <\/div>\n                        <\/div>\n                                <\/div>\n\t\t<\/div>\n\n\t\t\t\t\t\t<\/div>\n\t\t\t\t<\/div>\n\t\t\t\t\t<\/div>\n\t\t<\/div>\n\t\t\t\t\t<\/div>\n\t\t<\/section>\n\t\t\t\t<section class=\"elementor-section elementor-top-section elementor-element elementor-element-4e8be751 elementor-section-full_width elementor-section-stretched elementor-section-height-default elementor-section-height-default\" data-id=\"4e8be751\" data-element_type=\"section\" data-settings=\"{&quot;stretch_section&quot;:&quot;section-stretched&quot;}\">\n\t\t\t\t\t\t<div class=\"elementor-container elementor-column-gap-default\">\n\t\t\t\t\t<div class=\"elementor-column elementor-col-100 elementor-top-column elementor-element elementor-element-65efb9d9\" data-id=\"65efb9d9\" data-element_type=\"column\">\n\t\t\t<div class=\"elementor-widget-wrap elementor-element-populated\">\n\t\t\t\t\t\t<div class=\"elementor-element elementor-element-49854e7 elementor-widget elementor-widget-themedraft_contact_form_seven_layout_two\" data-id=\"49854e7\" data-element_type=\"widget\" data-widget_type=\"themedraft_contact_form_seven_layout_two.default\">\n\t\t\t\t<div class=\"elementor-widget-container\">\n\t\t\t\t\t            <div class=\"td-cf7-contact-form td-cf7-layout-two td-secondary-font\">\n\n                <div class=\"container\">\n                    <div class=\"row\">\n                        <div class=\"col-xl-5 col-lg-5 col-md-12 td-pr-0\">\n                            <div class=\"td-form-left-image td-cover-bg\" style=\"background-image: url(https:\/\/dledfarma.com\/wp-content\/uploads\/2025\/07\/hakkimizda_2.webp)\"><\/div>\n                        <\/div>\n\n                        <div class=\"col-xl-7 col-lg-7 col-md-12 td-pl-0\">\n                            <div class=\"td-contact-form-container\">\n                                <div class=\"td-section-title-wrapper\">\n                                    <div class=\"td-section-title-content td-secondary-font\">\n\n\t\t\t                                                                        <div class=\"td-section-subtitle td-primary-color\">\n\t\t\t\t\t                            Write to us                                            <\/div>\n\t\t\t                            \n\t\t\t                                                                        <div class=\"td-section-title\">\n\t\t\t\t\t                            <h2>Contact Us: Let us send you our offer.<\/h2>                                            <\/div>\n\t\t\t\t                                                                            <div class=\"title-bottom-line\" style=\"background-image: url(https:\/\/demo.themedraft.net\/wp\/doctio\/wp-content\/uploads\/2022\/06\/line-1.png)\"><\/div>\n\t\t\t\t                            \t\t\t                                                                <\/div>\n                                <\/div>\n\n                                <div class=\"form-icon\"><i class=\"flaticon-nurse\"><\/i><\/div>\n\n\t\t                                                            <div class=\"themedraft-contact-form-container\">\n\t\t\t\t                        \n<div class=\"wpcf7 no-js\" id=\"wpcf7-f11-o1\" lang=\"tr-TR\" dir=\"ltr\" data-wpcf7-id=\"11\">\n<div class=\"screen-reader-response\"><p role=\"status\" aria-live=\"polite\" aria-atomic=\"true\"><\/p> <ul><\/ul><\/div>\n<form action=\"\/en\/wp-json\/wp\/v2\/pages\/629#wpcf7-f11-o1\" method=\"post\" class=\"wpcf7-form init\" aria-label=\"\u0130leti\u015fim Formu\" novalidate=\"novalidate\" data-status=\"init\">\n<fieldset class=\"hidden-fields-container\"><input type=\"hidden\" name=\"_wpcf7\" value=\"11\" \/><input type=\"hidden\" name=\"_wpcf7_version\" value=\"6.1.4\" \/><input type=\"hidden\" name=\"_wpcf7_locale\" value=\"tr_TR\" \/><input type=\"hidden\" name=\"_wpcf7_unit_tag\" value=\"wpcf7-f11-o1\" \/><input type=\"hidden\" name=\"_wpcf7_container_post\" value=\"0\" \/><input type=\"hidden\" name=\"_wpcf7_posted_data_hash\" value=\"\" \/>\n<\/fieldset>\n<p><label> Ad\u0131n\u0131z<br \/>\n<span class=\"wpcf7-form-control-wrap\" data-name=\"your-name\"><input size=\"40\" maxlength=\"400\" class=\"wpcf7-form-control wpcf7-text wpcf7-validates-as-required\" autocomplete=\"name\" aria-required=\"true\" aria-invalid=\"false\" value=\"\" type=\"text\" name=\"your-name\" \/><\/span> <\/label>\n<\/p>\n<p><label> Mail Adresiniz<br \/>\n<span class=\"wpcf7-form-control-wrap\" data-name=\"your-email\"><input size=\"40\" maxlength=\"400\" class=\"wpcf7-form-control wpcf7-email wpcf7-validates-as-required wpcf7-text wpcf7-validates-as-email\" autocomplete=\"email\" aria-required=\"true\" aria-invalid=\"false\" value=\"\" type=\"email\" name=\"your-email\" \/><\/span> <\/label>\n<\/p>\n<p><label> Konu<br \/>\n<span class=\"wpcf7-form-control-wrap\" data-name=\"your-subject\"><input size=\"40\" maxlength=\"400\" class=\"wpcf7-form-control wpcf7-text wpcf7-validates-as-required\" aria-required=\"true\" aria-invalid=\"false\" value=\"\" type=\"text\" name=\"your-subject\" \/><\/span> <\/label>\n<\/p>\n<p><label> Mesaj\u0131n\u0131z (Opsiyonel)<br \/>\n<span class=\"wpcf7-form-control-wrap\" data-name=\"your-message\"><textarea cols=\"40\" rows=\"10\" maxlength=\"2000\" class=\"wpcf7-form-control wpcf7-textarea\" aria-invalid=\"false\" name=\"your-message\"><\/textarea><\/span> <\/label>\n<\/p>\n<p><input class=\"wpcf7-form-control wpcf7-submit has-spinner\" type=\"submit\" value=\"G\u00f6nder\" \/>\n<\/p><p style=\"display: none !important;\" class=\"akismet-fields-container\" data-prefix=\"_wpcf7_ak_\"><label>&#916;<textarea name=\"_wpcf7_ak_hp_textarea\" cols=\"45\" rows=\"8\" maxlength=\"100\"><\/textarea><\/label><input type=\"hidden\" id=\"ak_js_1\" name=\"_wpcf7_ak_js\" value=\"128\"\/><script>document.getElementById( \"ak_js_1\" ).setAttribute( \"value\", ( new Date() ).getTime() );<\/script><\/p><div class=\"wpcf7-response-output\" aria-hidden=\"true\"><\/div>\n<\/form>\n<\/div>\n                                    <\/div>\n\t\t                                                    <\/div>\n                        <\/div>\n                    <\/div>\n                <\/div>\n            <\/div>\n        \t\t\t\t<\/div>\n\t\t\t\t<\/div>\n\t\t\t\t\t<\/div>\n\t\t<\/div>\n\t\t\t\t\t<\/div>\n\t\t<\/section>\n\t\t\t\t<\/div>\n\t\t","protected":false},"excerpt":{"rendered":"<p>\u0130leti\u015fim Our Communication Channels Contact Us Telephone 0462 666 07 61 0543 195 55 42 Address S\u00f6\u011f\u00fctl\u00fc Mah. \u0130pek Sok. No:2AAk\u00e7aabat\/ Trabzon E-mail: info@dledfarma.com trifarma61@gmail.com Write to us Contact Us: Let us send you our offer. Ad\u0131n\u0131z Mail Adresiniz Konu Mesaj\u0131n\u0131z (Opsiyonel) &#916;<\/p>\n","protected":false},"author":1,"featured_media":0,"parent":0,"menu_order":0,"comment_status":"closed","ping_status":"closed","template":"","meta":{"om_disable_all_campaigns":false,"_monsterinsights_skip_tracking":false,"_monsterinsights_sitenote_active":false,"_monsterinsights_sitenote_note":"","_monsterinsights_sitenote_category":0,"footnotes":""},"class_list":["post-629","page","type-page","status-publish","hentry"],"_links":{"self":[{"href":"https:\/\/dledfarma.com\/en\/wp-json\/wp\/v2\/pages\/629","targetHints":{"allow":["GET"]}}],"collection":[{"href":"https:\/\/dledfarma.com\/en\/wp-json\/wp\/v2\/pages"}],"about":[{"href":"https:\/\/dledfarma.com\/en\/wp-json\/wp\/v2\/types\/page"}],"author":[{"embeddable":true,"href":"https:\/\/dledfarma.com\/en\/wp-json\/wp\/v2\/users\/1"}],"replies":[{"embeddable":true,"href":"https:\/\/dledfarma.com\/en\/wp-json\/wp\/v2\/comments?post=629"}],"version-history":[{"count":15,"href":"https:\/\/dledfarma.com\/en\/wp-json\/wp\/v2\/pages\/629\/revisions"}],"predecessor-version":[{"id":1580,"href":"https:\/\/dledfarma.com\/en\/wp-json\/wp\/v2\/pages\/629\/revisions\/1580"}],"wp:attachment":[{"href":"https:\/\/dledfarma.com\/en\/wp-json\/wp\/v2\/media?parent=629"}],"curies":[{"name":"wp","href":"https:\/\/api.w.org\/{rel}","templated":true}]}}